{"id":1327541,"date":"2026-02-05T22:58:07","date_gmt":"2026-02-06T03:58:07","guid":{"rendered":"https:\/\/morningoverview.com\/termos-de-uso\/"},"modified":"2026-03-16T17:55:16","modified_gmt":"2026-03-16T22:55:16","slug":"termos-de-uso","status":"publish","type":"page","link":"https:\/\/morningoverview.com\/pt-br\/termos-de-uso\/","title":{"rendered":"Termos de Uso"},"content":{"rendered":"\t\t<div data-elementor-type=\"wp-page\" data-elementor-id=\"1327541\" class=\"elementor elementor-1327541 elementor-1324863\">\n\t\t\t\t<div class=\"elementor-element elementor-element-e4eea79 e-flex e-con-boxed e-con e-parent\" data-id=\"e4eea79\" data-element_type=\"container\" data-e-type=\"container\" data-settings=\"{&quot;background_background&quot;:&quot;classic&quot;}\">\n\t\t\t\t\t<div class=\"e-con-inner\">\n\t\t\t\t<div class=\"elementor-element elementor-element-88e2ca0 elementor-widget elementor-widget-heading\" data-id=\"88e2ca0\" data-element_type=\"widget\" data-e-type=\"widget\" data-widget_type=\"heading.default\">\n\t\t\t\t<div class=\"elementor-widget-container\">\n\t\t\t\t\t<h2 class=\"elementor-heading-title elementor-size-default\">Termos de Uso<\/h2>\t\t\t\t<\/div>\n\t\t\t\t<\/div>\n\t\t\t\t\t<\/div>\n\t\t\t\t<\/div>\n\t\t<div class=\"elementor-element elementor-element-0d38765 e-flex e-con-boxed e-con e-parent\" data-id=\"0d38765\" data-element_type=\"container\" data-e-type=\"container\" data-settings=\"{&quot;background_background&quot;:&quot;classic&quot;}\">\n\t\t\t\t\t<div class=\"e-con-inner\">\n\t\t<div class=\"elementor-element elementor-element-6c52be3 e-con-full e-flex e-con e-child\" data-id=\"6c52be3\" data-element_type=\"container\" data-e-type=\"container\">\n\t\t\t\t<div class=\"elementor-element elementor-element-a646232 elementor-widget elementor-widget-heading\" data-id=\"a646232\" data-element_type=\"widget\" data-e-type=\"widget\" data-widget_type=\"heading.default\">\n\t\t\t\t<div class=\"elementor-widget-container\">\n\t\t\t\t\t<h2 class=\"elementor-heading-title elementor-size-default\">Quem somos n\u00f3s<\/h2>\t\t\t\t<\/div>\n\t\t\t\t<\/div>\n\t\t\t\t<div class=\"elementor-element elementor-element-fed9c58 p-1 elementor-widget elementor-widget-text-editor\" data-id=\"fed9c58\" data-element_type=\"widget\" data-e-type=\"widget\" data-widget_type=\"text-editor.default\">\n\t\t\t\t<div class=\"elementor-widget-container\">\n\t\t\t\t\t\t\t\t\t<p><strong>Endere\u00e7o do site<\/strong><br>O endere\u00e7o do nosso site \u00e9: <a href=\"https:\/\/morningoverview.com\/pt-br\/\">https:\/\/morningoverview.com\/<\/a>.<\/p>\t\t\t\t\t\t\t\t<\/div>\n\t\t\t\t<\/div>\n\t\t\t\t<\/div>\n\t\t<div class=\"elementor-element elementor-element-686b91d e-con-full e-flex e-con e-child\" data-id=\"686b91d\" data-element_type=\"container\" data-e-type=\"container\">\n\t\t\t\t<div class=\"elementor-element elementor-element-62e181e elementor-widget elementor-widget-heading\" data-id=\"62e181e\" data-element_type=\"widget\" data-e-type=\"widget\" data-widget_type=\"heading.default\">\n\t\t\t\t<div class=\"elementor-widget-container\">\n\t\t\t\t\t<h2 class=\"elementor-heading-title elementor-size-default\">Coment\u00e1rios<\/h2>\t\t\t\t<\/div>\n\t\t\t\t<\/div>\n\t\t<div class=\"elementor-element elementor-element-3773d67 e-con-full e-flex e-con e-child\" data-id=\"3773d67\" data-element_type=\"container\" data-e-type=\"container\">\n\t\t\t\t<div class=\"elementor-element elementor-element-db6b341 p-1 elementor-widget elementor-widget-text-editor\" data-id=\"db6b341\" data-element_type=\"widget\" data-e-type=\"widget\" data-widget_type=\"text-editor.default\">\n\t\t\t\t<div class=\"elementor-widget-container\">\n\t\t\t\t\t\t\t\t\t<p>Quando os visitantes deixam coment\u00e1rios no site, coletamos as informa\u00e7\u00f5es fornecidas no formul\u00e1rio de coment\u00e1rios, bem como o endere\u00e7o IP do visitante e os dados do agente de usu\u00e1rio do navegador para auxiliar na detec\u00e7\u00e3o de spam.<\/p>\t\t\t\t\t\t\t\t<\/div>\n\t\t\t\t<\/div>\n\t\t\t\t<div class=\"elementor-element elementor-element-da88119 p-1 elementor-widget elementor-widget-text-editor\" data-id=\"da88119\" data-element_type=\"widget\" data-e-type=\"widget\" data-widget_type=\"text-editor.default\">\n\t\t\t\t<div class=\"elementor-widget-container\">\n\t\t\t\t\t\t\t\t\t<p>Al\u00e9m disso, um hash an\u00f4nimo gerado a partir do seu endere\u00e7o de e-mail pode ser compartilhado com o servi\u00e7o Gravatar para verificar se voc\u00ea o utiliza. A pol\u00edtica de privacidade do servi\u00e7o Gravatar est\u00e1 dispon\u00edvel aqui: <a href=\"https:\/\/automattic.com\/privacy\/\">https:\/\/automattic.com\/privacy\/<\/a>. Uma vez que seu coment\u00e1rio seja aprovado, sua foto de perfil, se aplic\u00e1vel, aparecer\u00e1 publicamente junto com seu coment\u00e1rio.  <\/p>\t\t\t\t\t\t\t\t<\/div>\n\t\t\t\t<\/div>\n\t\t\t\t<\/div>\n\t\t\t\t<\/div>\n\t\t<div class=\"elementor-element elementor-element-4918c4d e-con-full e-flex e-con e-child\" data-id=\"4918c4d\" data-element_type=\"container\" data-e-type=\"container\">\n\t\t\t\t<div class=\"elementor-element elementor-element-d732d0b elementor-widget elementor-widget-heading\" data-id=\"d732d0b\" data-element_type=\"widget\" data-e-type=\"widget\" data-widget_type=\"heading.default\">\n\t\t\t\t<div class=\"elementor-widget-container\">\n\t\t\t\t\t<h2 class=\"elementor-heading-title elementor-size-default\">M\u00eddia<\/h2>\t\t\t\t<\/div>\n\t\t\t\t<\/div>\n\t\t<div class=\"elementor-element elementor-element-19f2f82 e-con-full e-flex e-con e-child\" data-id=\"19f2f82\" data-element_type=\"container\" data-e-type=\"container\">\n\t\t\t\t<div class=\"elementor-element elementor-element-f79ff56 p-1 elementor-widget elementor-widget-text-editor\" data-id=\"f79ff56\" data-element_type=\"widget\" data-e-type=\"widget\" data-widget_type=\"text-editor.default\">\n\t\t\t\t<div class=\"elementor-widget-container\">\n\t\t\t\t\t\t\t\t\t<p>Se voc\u00ea carregar imagens para o nosso site, certifique-se de que os dados de localiza\u00e7\u00e3o incorporados (EXIF GPS) sejam removidos. Os visitantes do site podem potencialmente baixar e extrair informa\u00e7\u00f5es de localiza\u00e7\u00e3o de imagens publicadas online. <\/p>\t\t\t\t\t\t\t\t<\/div>\n\t\t\t\t<\/div>\n\t\t\t\t<\/div>\n\t\t\t\t<\/div>\n\t\t<div class=\"elementor-element elementor-element-cfc24dd e-con-full e-flex e-con e-child\" data-id=\"cfc24dd\" data-element_type=\"container\" data-e-type=\"container\">\n\t\t\t\t<div class=\"elementor-element elementor-element-06d2206 elementor-widget elementor-widget-heading\" data-id=\"06d2206\" data-element_type=\"widget\" data-e-type=\"widget\" data-widget_type=\"heading.default\">\n\t\t\t\t<div class=\"elementor-widget-container\">\n\t\t\t\t\t<h2 class=\"elementor-heading-title elementor-size-default\">Cookies<\/h2>\t\t\t\t<\/div>\n\t\t\t\t<\/div>\n\t\t<div class=\"elementor-element elementor-element-8b867fa e-con-full e-flex e-con e-child\" data-id=\"8b867fa\" data-element_type=\"container\" data-e-type=\"container\">\n\t\t\t\t<div class=\"elementor-element elementor-element-7281dbd p-1 elementor-widget elementor-widget-text-editor\" data-id=\"7281dbd\" data-element_type=\"widget\" data-e-type=\"widget\" data-widget_type=\"text-editor.default\">\n\t\t\t\t<div class=\"elementor-widget-container\">\n\t\t\t\t\t\t\t\t\t<ul class=\"wp-block-list\"><li>Ao deixar um coment\u00e1rio no site, voc\u00ea pode optar por salvar seu nome, endere\u00e7o de e-mail e site em cookies para sua conveni\u00eancia. Esses cookies permanecer\u00e3o por um ano. <\/li><li>Se voc\u00ea visitar a p\u00e1gina de login, um cookie tempor\u00e1rio \u00e9 definido para verificar se seu navegador aceita cookies. Este cookie n\u00e3o cont\u00e9m dados pessoais e \u00e9 exclu\u00eddo quando o navegador \u00e9 fechado. <\/li><li>Para usu\u00e1rios logados, v\u00e1rios cookies s\u00e3o definidos para armazenar credenciais de login e prefer\u00eancias de tela. Os cookies de login duram dois dias, a menos que \u201cLembrar-me\u201d seja selecionado, o que estende a sess\u00e3o de login para duas semanas. Os cookies de prefer\u00eancias de tela duram um ano. Sair da conta remove esses cookies.   <\/li><li>Ao editar ou publicar um artigo, um cookie adicional \u00e9 armazenado no seu navegador. Este cookie inclui o ID da postagem do artigo e expira ap\u00f3s um dia. <\/li><\/ul>\t\t\t\t\t\t\t\t<\/div>\n\t\t\t\t<\/div>\n\t\t\t\t<\/div>\n\t\t\t\t<\/div>\n\t\t<div class=\"elementor-element elementor-element-2c6ad10 e-con-full e-flex e-con e-child\" data-id=\"2c6ad10\" data-element_type=\"container\" data-e-type=\"container\">\n\t\t\t\t<div class=\"elementor-element elementor-element-e03515a elementor-widget elementor-widget-heading\" data-id=\"e03515a\" data-element_type=\"widget\" data-e-type=\"widget\" data-widget_type=\"heading.default\">\n\t\t\t\t<div class=\"elementor-widget-container\">\n\t\t\t\t\t<h2 class=\"elementor-heading-title elementor-size-default\">Conte\u00fado Incorporado de Outros Sites<\/h2>\t\t\t\t<\/div>\n\t\t\t\t<\/div>\n\t\t<div class=\"elementor-element elementor-element-817bc9b e-con-full e-flex e-con e-child\" data-id=\"817bc9b\" data-element_type=\"container\" data-e-type=\"container\">\n\t\t\t\t<div class=\"elementor-element elementor-element-a6a7e20 p-1 elementor-widget elementor-widget-text-editor\" data-id=\"a6a7e20\" data-element_type=\"widget\" data-e-type=\"widget\" data-widget_type=\"text-editor.default\">\n\t\t\t\t<div class=\"elementor-widget-container\">\n\t\t\t\t\t\t\t\t\t<p>Nossos artigos podem incluir conte\u00fado incorporado (por exemplo, v\u00eddeos, imagens ou artigos). O conte\u00fado incorporado de outros sites se comporta como se voc\u00ea estivesse visitando esses sites diretamente. Esses sites de terceiros podem coletar dados sobre voc\u00ea, usar cookies, rastrear suas intera\u00e7\u00f5es e monitorar seu engajamento com o conte\u00fado incorporado, particularmente se voc\u00ea estiver logado em uma conta nesses sites.  <\/p>\t\t\t\t\t\t\t\t<\/div>\n\t\t\t\t<\/div>\n\t\t\t\t<\/div>\n\t\t\t\t<\/div>\n\t\t<div class=\"elementor-element elementor-element-f8b46e7 e-con-full e-flex e-con e-child\" data-id=\"f8b46e7\" data-element_type=\"container\" data-e-type=\"container\">\n\t\t\t\t<div class=\"elementor-element elementor-element-440b4bf elementor-widget elementor-widget-heading\" data-id=\"440b4bf\" data-element_type=\"widget\" data-e-type=\"widget\" data-widget_type=\"heading.default\">\n\t\t\t\t<div class=\"elementor-widget-container\">\n\t\t\t\t\t<h2 class=\"elementor-heading-title elementor-size-default\">Com Quem Compartilhamos Seus Dados<\/h2>\t\t\t\t<\/div>\n\t\t\t\t<\/div>\n\t\t<div class=\"elementor-element elementor-element-2966734 e-con-full e-flex e-con e-child\" data-id=\"2966734\" data-element_type=\"container\" data-e-type=\"container\">\n\t\t\t\t<div class=\"elementor-element elementor-element-dcc34b5 p-1 elementor-widget elementor-widget-text-editor\" data-id=\"dcc34b5\" data-element_type=\"widget\" data-e-type=\"widget\" data-widget_type=\"text-editor.default\">\n\t\t\t\t<div class=\"elementor-widget-container\">\n\t\t\t\t\t\t\t\t\t<p>Se voc\u00ea solicitar uma redefini\u00e7\u00e3o de senha, seu endere\u00e7o IP ser\u00e1 inclu\u00eddo no <strong>e-mail<\/strong> de redefini\u00e7\u00e3o.<\/p>\t\t\t\t\t\t\t\t<\/div>\n\t\t\t\t<\/div>\n\t\t\t\t<\/div>\n\t\t\t\t<\/div>\n\t\t<div class=\"elementor-element elementor-element-65a53d9 e-con-full e-flex e-con e-child\" data-id=\"65a53d9\" data-element_type=\"container\" data-e-type=\"container\">\n\t\t\t\t<div class=\"elementor-element elementor-element-e933ad1 elementor-widget elementor-widget-heading\" data-id=\"e933ad1\" data-element_type=\"widget\" data-e-type=\"widget\" data-widget_type=\"heading.default\">\n\t\t\t\t<div class=\"elementor-widget-container\">\n\t\t\t\t\t<h2 class=\"elementor-heading-title elementor-size-default\">Por quanto tempo retemos seus dados<\/h2>\t\t\t\t<\/div>\n\t\t\t\t<\/div>\n\t\t<div class=\"elementor-element elementor-element-48e0a06 e-con-full e-flex e-con e-child\" data-id=\"48e0a06\" data-element_type=\"container\" data-e-type=\"container\">\n\t\t\t\t<div class=\"elementor-element elementor-element-e29d8ce p-1 elementor-widget elementor-widget-text-editor\" data-id=\"e29d8ce\" data-element_type=\"widget\" data-e-type=\"widget\" data-widget_type=\"text-editor.default\">\n\t\t\t\t<div class=\"elementor-widget-container\">\n\t\t\t\t\t\t\t\t\t<ul class=\"wp-block-list\"><li>Os coment\u00e1rios e seus metadados s\u00e3o armazenados indefinidamente para ajudar a reconhecer e aprovar coment\u00e1rios de acompanhamento automaticamente.<\/li><li>Para usu\u00e1rios que se registram no site, as informa\u00e7\u00f5es pessoais fornecidas em seu perfil de usu\u00e1rio s\u00e3o armazenadas. Usu\u00e1rios registrados podem visualizar, editar ou excluir seus dados pessoais a qualquer momento, exceto seu nome de usu\u00e1rio. Os administradores do site tamb\u00e9m podem acessar e editar essas informa\u00e7\u00f5es.  <\/li><\/ul>\t\t\t\t\t\t\t\t<\/div>\n\t\t\t\t<\/div>\n\t\t\t\t<\/div>\n\t\t\t\t<\/div>\n\t\t<div class=\"elementor-element elementor-element-d045cf6 e-con-full e-flex e-con e-child\" data-id=\"d045cf6\" data-element_type=\"container\" data-e-type=\"container\">\n\t\t\t\t<div class=\"elementor-element elementor-element-0ec31ab elementor-widget elementor-widget-heading\" data-id=\"0ec31ab\" data-element_type=\"widget\" data-e-type=\"widget\" data-widget_type=\"heading.default\">\n\t\t\t\t<div class=\"elementor-widget-container\">\n\t\t\t\t\t<h2 class=\"elementor-heading-title elementor-size-default\">Seus Direitos Sobre Seus Dados<\/h2>\t\t\t\t<\/div>\n\t\t\t\t<\/div>\n\t\t<div class=\"elementor-element elementor-element-dd81f6b e-con-full e-flex e-con e-child\" data-id=\"dd81f6b\" data-element_type=\"container\" data-e-type=\"container\">\n\t\t\t\t<div class=\"elementor-element elementor-element-0977db8 p-1 elementor-widget elementor-widget-text-editor\" data-id=\"0977db8\" data-element_type=\"widget\" data-e-type=\"widget\" data-widget_type=\"text-editor.default\">\n\t\t\t\t<div class=\"elementor-widget-container\">\n\t\t\t\t\t\t\t\t\t<p>Se voc\u00ea tem uma conta ou deixou coment\u00e1rios no site, pode solicitar uma c\u00f3pia exportada dos dados pessoais que mantemos sobre voc\u00ea. Voc\u00ea tamb\u00e9m pode solicitar que excluamos quaisquer dados pessoais que mantemos, excluindo dados necess\u00e1rios para fins administrativos, legais ou de seguran\u00e7a. <\/p>\t\t\t\t\t\t\t\t<\/div>\n\t\t\t\t<\/div>\n\t\t\t\t<\/div>\n\t\t\t\t<\/div>\n\t\t<div class=\"elementor-element elementor-element-7923769 e-con-full e-flex e-con e-child\" data-id=\"7923769\" data-element_type=\"container\" data-e-type=\"container\">\n\t\t\t\t<div class=\"elementor-element elementor-element-826449e elementor-widget elementor-widget-heading\" data-id=\"826449e\" data-element_type=\"widget\" data-e-type=\"widget\" data-widget_type=\"heading.default\">\n\t\t\t\t<div class=\"elementor-widget-container\">\n\t\t\t\t\t<h2 class=\"elementor-heading-title elementor-size-default\">Para Onde Seus Dados S\u00e3o Enviados<\/h2>\t\t\t\t<\/div>\n\t\t\t\t<\/div>\n\t\t<div class=\"elementor-element elementor-element-8185eb1 e-con-full e-flex e-con e-child\" data-id=\"8185eb1\" data-element_type=\"container\" data-e-type=\"container\">\n\t\t\t\t<div class=\"elementor-element elementor-element-cdf44a5 p-1 elementor-widget elementor-widget-text-editor\" data-id=\"cdf44a5\" data-element_type=\"widget\" data-e-type=\"widget\" data-widget_type=\"text-editor.default\">\n\t\t\t\t<div class=\"elementor-widget-container\">\n\t\t\t\t\t\t\t\t\t<p>Os coment\u00e1rios dos visitantes podem ser processados por meio de um servi\u00e7o automatizado de detec\u00e7\u00e3o de spam para garantir a seguran\u00e7a e a integridade do site.<\/p>\t\t\t\t\t\t\t\t<\/div>\n\t\t\t\t<\/div>\n\t\t\t\t<\/div>\n\t\t\t\t<\/div>\n\t\t<div class=\"elementor-element elementor-element-3bb1b3d e-con-full e-flex e-con e-child\" data-id=\"3bb1b3d\" data-element_type=\"container\" data-e-type=\"container\">\n\t\t\t\t<div class=\"elementor-element elementor-element-bcc7545 elementor-widget elementor-widget-heading\" data-id=\"bcc7545\" data-element_type=\"widget\" data-e-type=\"widget\" data-widget_type=\"heading.default\">\n\t\t\t\t<div class=\"elementor-widget-container\">\n\t\t\t\t\t<h2 class=\"elementor-heading-title elementor-size-default\">Servi\u00e7os Ezoic<\/h2>\t\t\t\t<\/div>\n\t\t\t\t<\/div>\n\t\t<div class=\"elementor-element elementor-element-68d17a3 e-con-full e-flex e-con e-child\" data-id=\"68d17a3\" data-element_type=\"container\" data-e-type=\"container\">\n\t\t\t\t<div class=\"elementor-element elementor-element-c954444 p-1 elementor-widget elementor-widget-text-editor\" data-id=\"c954444\" data-element_type=\"widget\" data-e-type=\"widget\" data-widget_type=\"text-editor.default\">\n\t\t\t\t<div class=\"elementor-widget-container\">\n\t\t\t\t\t\t\t\t\t<p>Este site utiliza os servi\u00e7os da Ezoic Inc. (\u201cEzoic\u201d), inclusive para gerenciar publicidade baseada em interesses de terceiros. A Ezoic pode empregar uma variedade de tecnologias neste site, incluindo ferramentas para veicular conte\u00fado, exibir an\u00fancios e permitir publicidade para visitantes deste site, que podem utilizar cookies prim\u00e1rios e de terceiros. <\/p>\t\t\t\t\t\t\t\t<\/div>\n\t\t\t\t<\/div>\n\t\t\t\t<div class=\"elementor-element elementor-element-02b44db p-1 elementor-widget elementor-widget-text-editor\" data-id=\"02b44db\" data-element_type=\"widget\" data-e-type=\"widget\" data-widget_type=\"text-editor.default\">\n\t\t\t\t<div class=\"elementor-widget-container\">\n\t\t\t\t\t\t\t\t\t<p>Um cookie \u00e9 um pequeno arquivo de texto enviado ao seu dispositivo por um servidor web que permite ao site lembrar informa\u00e7\u00f5es sobre sua atividade de navega\u00e7\u00e3o. Cookies prim\u00e1rios s\u00e3o criados pelo site que voc\u00ea est\u00e1 visitando, enquanto cookies de terceiros s\u00e3o definidos por dom\u00ednios diferentes do que voc\u00ea est\u00e1 visitando. A Ezoic e nossos parceiros podem colocar cookies de terceiros, tags, beacons, pixels e tecnologias semelhantes para monitorar intera\u00e7\u00f5es com an\u00fancios e otimizar a segmenta\u00e7\u00e3o de an\u00fancios. Observe que desativar os cookies pode limitar o acesso a certos conte\u00fados e recursos no site, e rejeitar os cookies n\u00e3o elimina os an\u00fancios, mas resultar\u00e1 em publicidade n\u00e3o personalizada. Voc\u00ea pode encontrar mais informa\u00e7\u00f5es sobre cookies e como gerenci\u00e1-los <a href=\"https:\/\/allaboutcookies.org\/\">aqui<\/a>.    <\/p>\t\t\t\t\t\t\t\t<\/div>\n\t\t\t\t<\/div>\n\t\t\t\t<div class=\"elementor-element elementor-element-571e73b p-1 elementor-widget elementor-widget-text-editor\" data-id=\"571e73b\" data-element_type=\"widget\" data-e-type=\"widget\" data-widget_type=\"text-editor.default\">\n\t\t\t\t<div class=\"elementor-widget-container\">\n\t\t\t\t\t\t\t\t\t<p>As seguintes informa\u00e7\u00f5es podem ser coletadas, usadas e armazenadas em um cookie ao veicular <strong>an\u00fancios<\/strong> personalizados:<\/p>\t\t\t\t\t\t\t\t<\/div>\n\t\t\t\t<\/div>\n\t\t\t\t<div class=\"elementor-element elementor-element-14f5f67 p-1 elementor-widget elementor-widget-text-editor\" data-id=\"14f5f67\" data-element_type=\"widget\" data-e-type=\"widget\" data-widget_type=\"text-editor.default\">\n\t\t\t\t<div class=\"elementor-widget-container\">\n\t\t\t\t\t\t\t\t\t<ul class=\"wp-block-list\"><li>Endere\u00e7o IP<\/li><li>Tipo e vers\u00e3o do sistema operacional<\/li><li>Tipo de dispositivo<\/li><li>Prefer\u00eancias de idioma<\/li><li>Tipo de navegador da web<\/li><li>E-mail (em formato hash ou criptografado)<\/li><\/ul>\t\t\t\t\t\t\t\t<\/div>\n\t\t\t\t<\/div>\n\t\t\t\t<div class=\"elementor-element elementor-element-ed212c9 p-1 elementor-widget elementor-widget-text-editor\" data-id=\"ed212c9\" data-element_type=\"widget\" data-e-type=\"widget\" data-widget_type=\"text-editor.default\">\n\t\t\t\t<div class=\"elementor-widget-container\">\n\t\t\t\t\t\t\t\t\t<p>A Ezoic e seus parceiros podem usar esses dados em combina\u00e7\u00e3o com informa\u00e7\u00f5es que foram coletadas independentemente para fornecer an\u00fancios direcionados em v\u00e1rias plataformas e sites. Os parceiros da Ezoic tamb\u00e9m podem coletar dados adicionais, como IDs exclusivos, IDs de publicidade, dados de geolocaliza\u00e7\u00e3o, dados de uso, informa\u00e7\u00f5es do dispositivo, dados de tr\u00e1fego, fontes de refer\u00eancia e intera\u00e7\u00f5es entre usu\u00e1rios e sites ou an\u00fancios, para criar segmentos de p\u00fablico para publicidade direcionada em diferentes dispositivos, navegadores e aplicativos. Voc\u00ea pode encontrar mais informa\u00e7\u00f5es sobre publicidade baseada em interesses e como gerenci\u00e1-los <a href=\"https:\/\/youradchoices.com\/\">aqui<\/a>.  <\/p>\t\t\t\t\t\t\t\t<\/div>\n\t\t\t\t<\/div>\n\t\t\t\t<div class=\"elementor-element elementor-element-0f16c78 p-1 elementor-widget elementor-widget-text-editor\" data-id=\"0f16c78\" data-element_type=\"widget\" data-e-type=\"widget\" data-widget_type=\"text-editor.default\">\n\t\t\t\t<div class=\"elementor-widget-container\">\n\t\t\t\t\t\t\t\t\tVoc\u00ea pode ver a <strong>pol\u00edtica de privacidade<\/strong> da Ezoic <a href=\"https:\/\/ezoic.com\/privacy\/\">aqui<\/a>, ou, para obter informa\u00e7\u00f5es adicionais sobre a publicidade e outros parceiros da Ezoic, voc\u00ea pode consultar os parceiros de publicidade da Ezoic <a href=\"https:\/\/www.ezoic.com\/privacy-policy\/advertising-partners\/\">aqui<\/a>.\t\t\t\t\t\t\t\t<\/div>\n\t\t\t\t<\/div>\n\t\t\t\t<\/div>\n\t\t\t\t<\/div>\n\t\t\t\t\t<\/div>\n\t\t\t\t<\/div>\n\t\t\t\t<\/div>\n\t\t","protected":false},"excerpt":{"rendered":"<p>Termos de Uso Quem somos n\u00f3s Endere\u00e7o do siteO endere\u00e7o do nosso site \u00e9: https:\/\/morningoverview.com\/. Coment\u00e1rios Quando os visitantes deixam coment\u00e1rios no site, coletamos as informa\u00e7\u00f5es fornecidas no formul\u00e1rio de coment\u00e1rios, bem como o endere\u00e7o IP do visitante e os dados do agente de usu\u00e1rio do navegador para auxiliar na detec\u00e7\u00e3o de spam. Al\u00e9m disso, [&hellip;]<\/p>\n","protected":false},"author":24,"featured_media":0,"parent":0,"menu_order":0,"comment_status":"closed","ping_status":"closed","template":"elementor_header_footer","meta":{"om_disable_all_campaigns":false,"footnotes":""},"class_list":["post-1327541","page","type-page","status-publish","hentry"],"_links":{"self":[{"href":"https:\/\/morningoverview.com\/pt-br\/wp-json\/wp\/v2\/pages\/1327541","targetHints":{"allow":["GET"]}}],"collection":[{"href":"https:\/\/morningoverview.com\/pt-br\/wp-json\/wp\/v2\/pages"}],"about":[{"href":"https:\/\/morningoverview.com\/pt-br\/wp-json\/wp\/v2\/types\/page"}],"author":[{"embeddable":true,"href":"https:\/\/morningoverview.com\/pt-br\/wp-json\/wp\/v2\/users\/24"}],"replies":[{"embeddable":true,"href":"https:\/\/morningoverview.com\/pt-br\/wp-json\/wp\/v2\/comments?post=1327541"}],"version-history":[{"count":4,"href":"https:\/\/morningoverview.com\/pt-br\/wp-json\/wp\/v2\/pages\/1327541\/revisions"}],"predecessor-version":[{"id":1350978,"href":"https:\/\/morningoverview.com\/pt-br\/wp-json\/wp\/v2\/pages\/1327541\/revisions\/1350978"}],"wp:attachment":[{"href":"https:\/\/morningoverview.com\/pt-br\/wp-json\/wp\/v2\/media?parent=1327541"}],"curies":[{"name":"wp","href":"https:\/\/api.w.org\/{rel}","templated":true}]}}