{"id":1327411,"date":"2026-02-05T22:44:31","date_gmt":"2026-02-06T03:44:31","guid":{"rendered":"https:\/\/morningoverview.com\/correcoes\/"},"modified":"2026-03-16T15:28:27","modified_gmt":"2026-03-16T20:28:27","slug":"correcoes","status":"publish","type":"page","link":"https:\/\/morningoverview.com\/pt-br\/correcoes\/","title":{"rendered":"Corre\u00e7\u00f5es"},"content":{"rendered":"\t\t<div data-elementor-type=\"wp-page\" data-elementor-id=\"1327411\" class=\"elementor elementor-1327411 elementor-1324818\">\n\t\t\t\t<div class=\"elementor-element elementor-element-d2e3cb3 e-flex e-con-boxed e-con e-parent\" data-id=\"d2e3cb3\" data-element_type=\"container\" data-e-type=\"container\" data-settings=\"{&quot;background_background&quot;:&quot;classic&quot;}\">\n\t\t\t\t\t<div class=\"e-con-inner\">\n\t\t<div class=\"elementor-element elementor-element-9bd0522 e-con-full e-flex e-con e-child\" data-id=\"9bd0522\" data-element_type=\"container\" data-e-type=\"container\">\n\t\t\t\t<div class=\"elementor-element elementor-element-868f0b7 elementor-icon-list--layout-traditional elementor-list-item-link-full_width elementor-widget elementor-widget-icon-list\" data-id=\"868f0b7\" data-element_type=\"widget\" data-e-type=\"widget\" data-widget_type=\"icon-list.default\">\n\t\t\t\t<div class=\"elementor-widget-container\">\n\t\t\t\t\t\t\t<ul class=\"elementor-icon-list-items\">\n\t\t\t\t\t\t\t<li class=\"elementor-icon-list-item\">\n\t\t\t\t\t\t\t\t\t\t\t<span class=\"elementor-icon-list-icon\">\n\t\t\t\t\t\t\t<i aria-hidden=\"true\" class=\"fas fa-square-full\"><\/i>\t\t\t\t\t\t<\/span>\n\t\t\t\t\t\t\t\t\t\t<span class=\"elementor-icon-list-text\">Corre\u00e7\u00f5es<\/span>\n\t\t\t\t\t\t\t\t\t<\/li>\n\t\t\t\t\t\t<\/ul>\n\t\t\t\t\t\t<\/div>\n\t\t\t\t<\/div>\n\t\t\t\t<\/div>\n\t\t<div class=\"elementor-element elementor-element-fa74fa2 e-con-full e-flex e-con e-child\" data-id=\"fa74fa2\" data-element_type=\"container\" data-e-type=\"container\">\n\t\t<div class=\"elementor-element elementor-element-060944e e-con-full e-flex e-con e-child\" data-id=\"060944e\" data-element_type=\"container\" data-e-type=\"container\">\n\t\t\t\t<div class=\"elementor-element elementor-element-29a1a5b p-1 elementor-widget elementor-widget-text-editor\" data-id=\"29a1a5b\" data-element_type=\"widget\" data-e-type=\"widget\" data-widget_type=\"text-editor.default\">\n\t\t\t\t<div class=\"elementor-widget-container\">\n\t\t\t\t\t\t\t\t\t<p><strong data-start=\"236\" data-end=\"259\">No Morning Overview<\/strong>, buscamos a precis\u00e3o e a transpar\u00eancia em tudo o que publicamos. Se voc\u00ea acredita que algum conte\u00fado em nosso site cont\u00e9m um erro que justifique uma corre\u00e7\u00e3o, agradecemos seu feedback. <\/p>\t\t\t\t\t\t\t\t<\/div>\n\t\t\t\t<\/div>\n\t\t\t\t<div class=\"elementor-element elementor-element-a4c7110 p-1 elementor-widget elementor-widget-text-editor\" data-id=\"a4c7110\" data-element_type=\"widget\" data-e-type=\"widget\" data-widget_type=\"text-editor.default\">\n\t\t\t\t<div class=\"elementor-widget-container\">\n\t\t\t\t\t\t\t\t\t<p>Estamos comprometidos com o jornalismo respons\u00e1vel e corrigiremos os erros o mais r\u00e1pido e claramente poss\u00edvel. As corre\u00e7\u00f5es s\u00e3o feitas em consulta com nossa equipe editorial e s\u00e3o indicadas na parte inferior do artigo corrigido para que os leitores possam ver o que foi atualizado. <\/p>\t\t\t\t\t\t\t\t<\/div>\n\t\t\t\t<\/div>\n\t\t\t\t<div class=\"elementor-element elementor-element-4cd7edd p-1 elementor-widget elementor-widget-text-editor\" data-id=\"4cd7edd\" data-element_type=\"widget\" data-e-type=\"widget\" data-widget_type=\"text-editor.default\">\n\t\t\t\t<div class=\"elementor-widget-container\">\n\t\t\t\t\t\t\t\t\t<p><strong data-start=\"747\" data-end=\"773\">Como Relatar um Erro<\/strong><br data-start=\"773\" data-end=\"776\">Se voc\u00ea encontrar um erro \u2014 seja factual, tipogr\u00e1fico ou contextual \u2014 envie-nos um e-mail para <strong data-start=\"867\" data-end=\"898\"><a class=\"decorated-link cursor-pointer\" rel=\"noopener\" data-start=\"869\" data-end=\"896\">contact@morningoverview.com<\/a><\/strong> com os detalhes do problema.<\/p>\t\t\t\t\t\t\t\t<\/div>\n\t\t\t\t<\/div>\n\t\t\t\t<div class=\"elementor-element elementor-element-e0b8f54 p-1 elementor-widget elementor-widget-text-editor\" data-id=\"e0b8f54\" data-element_type=\"widget\" data-e-type=\"widget\" data-widget_type=\"text-editor.default\">\n\t\t\t\t<div class=\"elementor-widget-container\">\n\t\t\t\t\t\t\t\t\t<p data-start=\"965\" data-end=\"1060\">Valorizamos a contribui\u00e7\u00e3o dos leitores e agradecemos sua ajuda para manter nosso conte\u00fado preciso e confi\u00e1vel.<\/p>\t\t\t\t\t\t\t\t<\/div>\n\t\t\t\t<\/div>\n\t\t\t\t<\/div>\n\t\t<div class=\"elementor-element elementor-element-a792634 e-con-full e-flex e-con e-child\" data-id=\"a792634\" data-element_type=\"container\" data-e-type=\"container\">\n\t\t\t\t<div class=\"elementor-element elementor-element-9d64f3b elementor-widget elementor-widget-heading\" data-id=\"9d64f3b\" data-element_type=\"widget\" data-e-type=\"widget\" data-widget_type=\"heading.default\">\n\t\t\t\t<div class=\"elementor-widget-container\">\n\t\t\t\t\t<h2 class=\"elementor-heading-title elementor-size-default\">Artigos corrigidos<\/h2>\t\t\t\t<\/div>\n\t\t\t\t<\/div>\n\t\t\t\t<\/div>\n\t\t\t\t<\/div>\n\t\t\t\t\t<\/div>\n\t\t\t\t<\/div>\n\t\t\t\t<\/div>\n\t\t","protected":false},"excerpt":{"rendered":"<p>Corre\u00e7\u00f5es No Morning Overview, buscamos a precis\u00e3o e a transpar\u00eancia em tudo o que publicamos. Se voc\u00ea acredita que algum conte\u00fado em nosso site cont\u00e9m um erro que justifique uma corre\u00e7\u00e3o, agradecemos seu feedback. Estamos comprometidos com o jornalismo respons\u00e1vel e corrigiremos os erros o mais r\u00e1pido e claramente poss\u00edvel. As corre\u00e7\u00f5es s\u00e3o feitas em [&hellip;]<\/p>\n","protected":false},"author":24,"featured_media":0,"parent":0,"menu_order":0,"comment_status":"closed","ping_status":"closed","template":"elementor_header_footer","meta":{"om_disable_all_campaigns":false,"footnotes":""},"class_list":["post-1327411","page","type-page","status-publish","hentry"],"_links":{"self":[{"href":"https:\/\/morningoverview.com\/pt-br\/wp-json\/wp\/v2\/pages\/1327411","targetHints":{"allow":["GET"]}}],"collection":[{"href":"https:\/\/morningoverview.com\/pt-br\/wp-json\/wp\/v2\/pages"}],"about":[{"href":"https:\/\/morningoverview.com\/pt-br\/wp-json\/wp\/v2\/types\/page"}],"author":[{"embeddable":true,"href":"https:\/\/morningoverview.com\/pt-br\/wp-json\/wp\/v2\/users\/24"}],"replies":[{"embeddable":true,"href":"https:\/\/morningoverview.com\/pt-br\/wp-json\/wp\/v2\/comments?post=1327411"}],"version-history":[{"count":4,"href":"https:\/\/morningoverview.com\/pt-br\/wp-json\/wp\/v2\/pages\/1327411\/revisions"}],"predecessor-version":[{"id":1350931,"href":"https:\/\/morningoverview.com\/pt-br\/wp-json\/wp\/v2\/pages\/1327411\/revisions\/1350931"}],"wp:attachment":[{"href":"https:\/\/morningoverview.com\/pt-br\/wp-json\/wp\/v2\/media?parent=1327411"}],"curies":[{"name":"wp","href":"https:\/\/api.w.org\/{rel}","templated":true}]}}