{"id":1327538,"date":"2026-02-05T22:58:07","date_gmt":"2026-02-06T03:58:07","guid":{"rendered":"https:\/\/morningoverview.com\/conditions-dutilisation\/"},"modified":"2026-03-16T17:47:43","modified_gmt":"2026-03-16T22:47:43","slug":"conditions-dutilisation","status":"publish","type":"page","link":"https:\/\/morningoverview.com\/fr\/conditions-dutilisation\/","title":{"rendered":"Conditions d&rsquo;utilisation"},"content":{"rendered":"\t\t<div data-elementor-type=\"wp-page\" data-elementor-id=\"1327538\" class=\"elementor elementor-1327538 elementor-1324863\">\n\t\t\t\t<div class=\"elementor-element elementor-element-e4eea79 e-flex e-con-boxed e-con e-parent\" data-id=\"e4eea79\" data-element_type=\"container\" data-e-type=\"container\" data-settings=\"{&quot;background_background&quot;:&quot;classic&quot;}\">\n\t\t\t\t\t<div class=\"e-con-inner\">\n\t\t\t\t<div class=\"elementor-element elementor-element-88e2ca0 elementor-widget elementor-widget-heading\" data-id=\"88e2ca0\" data-element_type=\"widget\" data-e-type=\"widget\" data-widget_type=\"heading.default\">\n\t\t\t\t<div class=\"elementor-widget-container\">\n\t\t\t\t\t<h2 class=\"elementor-heading-title elementor-size-default\">Conditions d'utilisation<\/h2>\t\t\t\t<\/div>\n\t\t\t\t<\/div>\n\t\t\t\t\t<\/div>\n\t\t\t\t<\/div>\n\t\t<div class=\"elementor-element elementor-element-0d38765 e-flex e-con-boxed e-con e-parent\" data-id=\"0d38765\" data-element_type=\"container\" data-e-type=\"container\" data-settings=\"{&quot;background_background&quot;:&quot;classic&quot;}\">\n\t\t\t\t\t<div class=\"e-con-inner\">\n\t\t<div class=\"elementor-element elementor-element-6c52be3 e-con-full e-flex e-con e-child\" data-id=\"6c52be3\" data-element_type=\"container\" data-e-type=\"container\">\n\t\t\t\t<div class=\"elementor-element elementor-element-a646232 elementor-widget elementor-widget-heading\" data-id=\"a646232\" data-element_type=\"widget\" data-e-type=\"widget\" data-widget_type=\"heading.default\">\n\t\t\t\t<div class=\"elementor-widget-container\">\n\t\t\t\t\t<h2 class=\"elementor-heading-title elementor-size-default\">Qui sommes-nous&nbsp;?<\/h2>\t\t\t\t<\/div>\n\t\t\t\t<\/div>\n\t\t\t\t<div class=\"elementor-element elementor-element-fed9c58 p-1 elementor-widget elementor-widget-text-editor\" data-id=\"fed9c58\" data-element_type=\"widget\" data-e-type=\"widget\" data-widget_type=\"text-editor.default\">\n\t\t\t\t<div class=\"elementor-widget-container\">\n\t\t\t\t\t\t\t\t\t<p><strong>Adresse du site web<\/strong><br>Notre adresse de site web est&nbsp;: <a href=\"https:\/\/morningoverview.com\/fr\/\">https:\/\/morningoverview.com\/<\/a>.<\/p>\t\t\t\t\t\t\t\t<\/div>\n\t\t\t\t<\/div>\n\t\t\t\t<\/div>\n\t\t<div class=\"elementor-element elementor-element-686b91d e-con-full e-flex e-con e-child\" data-id=\"686b91d\" data-element_type=\"container\" data-e-type=\"container\">\n\t\t\t\t<div class=\"elementor-element elementor-element-62e181e elementor-widget elementor-widget-heading\" data-id=\"62e181e\" data-element_type=\"widget\" data-e-type=\"widget\" data-widget_type=\"heading.default\">\n\t\t\t\t<div class=\"elementor-widget-container\">\n\t\t\t\t\t<h2 class=\"elementor-heading-title elementor-size-default\">Commentaires<\/h2>\t\t\t\t<\/div>\n\t\t\t\t<\/div>\n\t\t<div class=\"elementor-element elementor-element-3773d67 e-con-full e-flex e-con e-child\" data-id=\"3773d67\" data-element_type=\"container\" data-e-type=\"container\">\n\t\t\t\t<div class=\"elementor-element elementor-element-db6b341 p-1 elementor-widget elementor-widget-text-editor\" data-id=\"db6b341\" data-element_type=\"widget\" data-e-type=\"widget\" data-widget_type=\"text-editor.default\">\n\t\t\t\t<div class=\"elementor-widget-container\">\n\t\t\t\t\t\t\t\t\t<p>Lorsque les visiteurs laissent des commentaires sur le site, nous collectons les informations fournies dans le formulaire de commentaires, ainsi que l&rsquo;adresse IP du visiteur et les donn\u00e9es de l&rsquo;agent utilisateur du navigateur pour aider \u00e0 la d\u00e9tection de spam.<\/p>\t\t\t\t\t\t\t\t<\/div>\n\t\t\t\t<\/div>\n\t\t\t\t<div class=\"elementor-element elementor-element-da88119 p-1 elementor-widget elementor-widget-text-editor\" data-id=\"da88119\" data-element_type=\"widget\" data-e-type=\"widget\" data-widget_type=\"text-editor.default\">\n\t\t\t\t<div class=\"elementor-widget-container\">\n\t\t\t\t\t\t\t\t\t<p>De plus, un hachage anonymis\u00e9 g\u00e9n\u00e9r\u00e9 \u00e0 partir de votre adresse e-mail peut \u00eatre partag\u00e9 avec le service Gravatar pour v\u00e9rifier si vous l\u2019utilisez. La politique de confidentialit\u00e9 du service Gravatar est disponible ici&nbsp;: <a href=\"https:\/\/automattic.com\/privacy\/\">https:\/\/automattic.com\/privacy\/<\/a>. Une fois votre commentaire approuv\u00e9, votre photo de profil, le cas \u00e9ch\u00e9ant, appara\u00eetra publiquement \u00e0 c\u00f4t\u00e9 de votre commentaire.  <\/p>\t\t\t\t\t\t\t\t<\/div>\n\t\t\t\t<\/div>\n\t\t\t\t<\/div>\n\t\t\t\t<\/div>\n\t\t<div class=\"elementor-element elementor-element-4918c4d e-con-full e-flex e-con e-child\" data-id=\"4918c4d\" data-element_type=\"container\" data-e-type=\"container\">\n\t\t\t\t<div class=\"elementor-element elementor-element-d732d0b elementor-widget elementor-widget-heading\" data-id=\"d732d0b\" data-element_type=\"widget\" data-e-type=\"widget\" data-widget_type=\"heading.default\">\n\t\t\t\t<div class=\"elementor-widget-container\">\n\t\t\t\t\t<h2 class=\"elementor-heading-title elementor-size-default\">M\u00e9dias<\/h2>\t\t\t\t<\/div>\n\t\t\t\t<\/div>\n\t\t<div class=\"elementor-element elementor-element-19f2f82 e-con-full e-flex e-con e-child\" data-id=\"19f2f82\" data-element_type=\"container\" data-e-type=\"container\">\n\t\t\t\t<div class=\"elementor-element elementor-element-f79ff56 p-1 elementor-widget elementor-widget-text-editor\" data-id=\"f79ff56\" data-element_type=\"widget\" data-e-type=\"widget\" data-widget_type=\"text-editor.default\">\n\t\t\t\t<div class=\"elementor-widget-container\">\n\t\t\t\t\t\t\t\t\t<p>Si vous t\u00e9l\u00e9chargez des images sur notre site web, veuillez vous assurer que les donn\u00e9es de localisation int\u00e9gr\u00e9es (EXIF GPS) sont supprim\u00e9es. Les visiteurs du site peuvent potentiellement t\u00e9l\u00e9charger et extraire les informations de localisation des images publi\u00e9es en ligne. <\/p>\t\t\t\t\t\t\t\t<\/div>\n\t\t\t\t<\/div>\n\t\t\t\t<\/div>\n\t\t\t\t<\/div>\n\t\t<div class=\"elementor-element elementor-element-cfc24dd e-con-full e-flex e-con e-child\" data-id=\"cfc24dd\" data-element_type=\"container\" data-e-type=\"container\">\n\t\t\t\t<div class=\"elementor-element elementor-element-06d2206 elementor-widget elementor-widget-heading\" data-id=\"06d2206\" data-element_type=\"widget\" data-e-type=\"widget\" data-widget_type=\"heading.default\">\n\t\t\t\t<div class=\"elementor-widget-container\">\n\t\t\t\t\t<h2 class=\"elementor-heading-title elementor-size-default\">Cookies<\/h2>\t\t\t\t<\/div>\n\t\t\t\t<\/div>\n\t\t<div class=\"elementor-element elementor-element-8b867fa e-con-full e-flex e-con e-child\" data-id=\"8b867fa\" data-element_type=\"container\" data-e-type=\"container\">\n\t\t\t\t<div class=\"elementor-element elementor-element-7281dbd p-1 elementor-widget elementor-widget-text-editor\" data-id=\"7281dbd\" data-element_type=\"widget\" data-e-type=\"widget\" data-widget_type=\"text-editor.default\">\n\t\t\t\t<div class=\"elementor-widget-container\">\n\t\t\t\t\t\t\t\t\t<ul class=\"wp-block-list\"><li>Lorsque vous laissez un commentaire sur le site, vous pouvez choisir d\u2019enregistrer votre nom, votre adresse e-mail et votre site web dans des cookies pour plus de commodit\u00e9. Ces cookies resteront pendant un an. <\/li><li>Si vous visitez la page de connexion, un cookie temporaire est d\u00e9fini pour v\u00e9rifier si votre navigateur accepte les cookies. Ce cookie ne contient aucune donn\u00e9e personnelle et est supprim\u00e9 lorsque le navigateur est ferm\u00e9. <\/li><li>Pour les utilisateurs connect\u00e9s, plusieurs cookies sont d\u00e9finis pour stocker les identifiants de connexion et les pr\u00e9f\u00e9rences d&rsquo;\u00e9cran. Les cookies de connexion durent deux jours sauf si \u00ab Se souvenir de moi \u00bb est s\u00e9lectionn\u00e9, ce qui \u00e9tend la session de connexion \u00e0 deux semaines. Les cookies de pr\u00e9f\u00e9rences d&rsquo;\u00e9cran durent un an. La d\u00e9connexion supprime ces cookies.   <\/li><li>Lors de la modification ou de la publication d\u2019un article, un cookie suppl\u00e9mentaire est stock\u00e9 dans votre navigateur. Ce cookie comprend l\u2019ID de publication de l\u2019article et expire apr\u00e8s un jour. <\/li><\/ul>\t\t\t\t\t\t\t\t<\/div>\n\t\t\t\t<\/div>\n\t\t\t\t<\/div>\n\t\t\t\t<\/div>\n\t\t<div class=\"elementor-element elementor-element-2c6ad10 e-con-full e-flex e-con e-child\" data-id=\"2c6ad10\" data-element_type=\"container\" data-e-type=\"container\">\n\t\t\t\t<div class=\"elementor-element elementor-element-e03515a elementor-widget elementor-widget-heading\" data-id=\"e03515a\" data-element_type=\"widget\" data-e-type=\"widget\" data-widget_type=\"heading.default\">\n\t\t\t\t<div class=\"elementor-widget-container\">\n\t\t\t\t\t<h2 class=\"elementor-heading-title elementor-size-default\">Contenu int\u00e9gr\u00e9 d'autres sites web<\/h2>\t\t\t\t<\/div>\n\t\t\t\t<\/div>\n\t\t<div class=\"elementor-element elementor-element-817bc9b e-con-full e-flex e-con e-child\" data-id=\"817bc9b\" data-element_type=\"container\" data-e-type=\"container\">\n\t\t\t\t<div class=\"elementor-element elementor-element-a6a7e20 p-1 elementor-widget elementor-widget-text-editor\" data-id=\"a6a7e20\" data-element_type=\"widget\" data-e-type=\"widget\" data-widget_type=\"text-editor.default\">\n\t\t\t\t<div class=\"elementor-widget-container\">\n\t\t\t\t\t\t\t\t\t<p>Nos articles peuvent inclure du contenu int\u00e9gr\u00e9 (par exemple, vid\u00e9os, images ou articles). Le contenu int\u00e9gr\u00e9 d&rsquo;autres sites web se comporte comme si vous visitiez directement ces sites web. Ces sites tiers peuvent collecter des donn\u00e9es sur vous, utiliser des cookies, suivre vos interactions et surveiller votre engagement avec le contenu int\u00e9gr\u00e9, particuli\u00e8rement si vous \u00eates connect\u00e9 \u00e0 un compte sur ces sites web.  <\/p>\t\t\t\t\t\t\t\t<\/div>\n\t\t\t\t<\/div>\n\t\t\t\t<\/div>\n\t\t\t\t<\/div>\n\t\t<div class=\"elementor-element elementor-element-f8b46e7 e-con-full e-flex e-con e-child\" data-id=\"f8b46e7\" data-element_type=\"container\" data-e-type=\"container\">\n\t\t\t\t<div class=\"elementor-element elementor-element-440b4bf elementor-widget elementor-widget-heading\" data-id=\"440b4bf\" data-element_type=\"widget\" data-e-type=\"widget\" data-widget_type=\"heading.default\">\n\t\t\t\t<div class=\"elementor-widget-container\">\n\t\t\t\t\t<h2 class=\"elementor-heading-title elementor-size-default\">Avec qui nous partageons vos donn\u00e9es<\/h2>\t\t\t\t<\/div>\n\t\t\t\t<\/div>\n\t\t<div class=\"elementor-element elementor-element-2966734 e-con-full e-flex e-con e-child\" data-id=\"2966734\" data-element_type=\"container\" data-e-type=\"container\">\n\t\t\t\t<div class=\"elementor-element elementor-element-dcc34b5 p-1 elementor-widget elementor-widget-text-editor\" data-id=\"dcc34b5\" data-element_type=\"widget\" data-e-type=\"widget\" data-widget_type=\"text-editor.default\">\n\t\t\t\t<div class=\"elementor-widget-container\">\n\t\t\t\t\t\t\t\t\t<p>Si vous demandez une r\u00e9initialisation de mot de passe, votre adresse IP sera incluse dans l&rsquo;<strong>e-mail<\/strong> de r\u00e9initialisation.<\/p>\t\t\t\t\t\t\t\t<\/div>\n\t\t\t\t<\/div>\n\t\t\t\t<\/div>\n\t\t\t\t<\/div>\n\t\t<div class=\"elementor-element elementor-element-65a53d9 e-con-full e-flex e-con e-child\" data-id=\"65a53d9\" data-element_type=\"container\" data-e-type=\"container\">\n\t\t\t\t<div class=\"elementor-element elementor-element-e933ad1 elementor-widget elementor-widget-heading\" data-id=\"e933ad1\" data-element_type=\"widget\" data-e-type=\"widget\" data-widget_type=\"heading.default\">\n\t\t\t\t<div class=\"elementor-widget-container\">\n\t\t\t\t\t<h2 class=\"elementor-heading-title elementor-size-default\">Combien de temps conservons-nous vos donn\u00e9es&nbsp;?<\/h2>\t\t\t\t<\/div>\n\t\t\t\t<\/div>\n\t\t<div class=\"elementor-element elementor-element-48e0a06 e-con-full e-flex e-con e-child\" data-id=\"48e0a06\" data-element_type=\"container\" data-e-type=\"container\">\n\t\t\t\t<div class=\"elementor-element elementor-element-e29d8ce p-1 elementor-widget elementor-widget-text-editor\" data-id=\"e29d8ce\" data-element_type=\"widget\" data-e-type=\"widget\" data-widget_type=\"text-editor.default\">\n\t\t\t\t<div class=\"elementor-widget-container\">\n\t\t\t\t\t\t\t\t\t<ul class=\"wp-block-list\"><li>Les commentaires et leurs m\u00e9tadonn\u00e9es sont stock\u00e9s ind\u00e9finiment pour aider \u00e0 reconna\u00eetre et \u00e0 approuver automatiquement les commentaires de suivi.<\/li><li>Pour les utilisateurs qui s\u2019inscrivent sur le site, les informations personnelles fournies dans leur profil d\u2019utilisateur sont stock\u00e9es. Les utilisateurs enregistr\u00e9s peuvent consulter, modifier ou supprimer leurs donn\u00e9es personnelles \u00e0 tout moment, \u00e0 l\u2019exception de leur nom d\u2019utilisateur. Les administrateurs du site peuvent \u00e9galement acc\u00e9der \u00e0 ces informations et les modifier.  <\/li><\/ul>\t\t\t\t\t\t\t\t<\/div>\n\t\t\t\t<\/div>\n\t\t\t\t<\/div>\n\t\t\t\t<\/div>\n\t\t<div class=\"elementor-element elementor-element-d045cf6 e-con-full e-flex e-con e-child\" data-id=\"d045cf6\" data-element_type=\"container\" data-e-type=\"container\">\n\t\t\t\t<div class=\"elementor-element elementor-element-0ec31ab elementor-widget elementor-widget-heading\" data-id=\"0ec31ab\" data-element_type=\"widget\" data-e-type=\"widget\" data-widget_type=\"heading.default\">\n\t\t\t\t<div class=\"elementor-widget-container\">\n\t\t\t\t\t<h2 class=\"elementor-heading-title elementor-size-default\">Vos droits sur vos donn\u00e9es<\/h2>\t\t\t\t<\/div>\n\t\t\t\t<\/div>\n\t\t<div class=\"elementor-element elementor-element-dd81f6b e-con-full e-flex e-con e-child\" data-id=\"dd81f6b\" data-element_type=\"container\" data-e-type=\"container\">\n\t\t\t\t<div class=\"elementor-element elementor-element-0977db8 p-1 elementor-widget elementor-widget-text-editor\" data-id=\"0977db8\" data-element_type=\"widget\" data-e-type=\"widget\" data-widget_type=\"text-editor.default\">\n\t\t\t\t<div class=\"elementor-widget-container\">\n\t\t\t\t\t\t\t\t\t<p>Si vous avez un compte ou avez laiss\u00e9 des commentaires sur le site, vous pouvez demander une copie export\u00e9e des donn\u00e9es personnelles que nous d\u00e9tenons sur vous. Vous pouvez \u00e9galement demander que nous supprimions toutes les donn\u00e9es personnelles que nous d\u00e9tenons, \u00e0 l&rsquo;exclusion des donn\u00e9es requises \u00e0 des fins administratives, l\u00e9gales ou de s\u00e9curit\u00e9. <\/p>\t\t\t\t\t\t\t\t<\/div>\n\t\t\t\t<\/div>\n\t\t\t\t<\/div>\n\t\t\t\t<\/div>\n\t\t<div class=\"elementor-element elementor-element-7923769 e-con-full e-flex e-con e-child\" data-id=\"7923769\" data-element_type=\"container\" data-e-type=\"container\">\n\t\t\t\t<div class=\"elementor-element elementor-element-826449e elementor-widget elementor-widget-heading\" data-id=\"826449e\" data-element_type=\"widget\" data-e-type=\"widget\" data-widget_type=\"heading.default\">\n\t\t\t\t<div class=\"elementor-widget-container\">\n\t\t\t\t\t<h2 class=\"elementor-heading-title elementor-size-default\">O\u00f9 vos donn\u00e9es sont envoy\u00e9es<\/h2>\t\t\t\t<\/div>\n\t\t\t\t<\/div>\n\t\t<div class=\"elementor-element elementor-element-8185eb1 e-con-full e-flex e-con e-child\" data-id=\"8185eb1\" data-element_type=\"container\" data-e-type=\"container\">\n\t\t\t\t<div class=\"elementor-element elementor-element-cdf44a5 p-1 elementor-widget elementor-widget-text-editor\" data-id=\"cdf44a5\" data-element_type=\"widget\" data-e-type=\"widget\" data-widget_type=\"text-editor.default\">\n\t\t\t\t<div class=\"elementor-widget-container\">\n\t\t\t\t\t\t\t\t\t<p>Les commentaires des visiteurs peuvent \u00eatre trait\u00e9s par un service automatis\u00e9 de d\u00e9tection de spam pour assurer la s\u00e9curit\u00e9 et l&rsquo;int\u00e9grit\u00e9 du site.<\/p>\t\t\t\t\t\t\t\t<\/div>\n\t\t\t\t<\/div>\n\t\t\t\t<\/div>\n\t\t\t\t<\/div>\n\t\t<div class=\"elementor-element elementor-element-3bb1b3d e-con-full e-flex e-con e-child\" data-id=\"3bb1b3d\" data-element_type=\"container\" data-e-type=\"container\">\n\t\t\t\t<div class=\"elementor-element elementor-element-bcc7545 elementor-widget elementor-widget-heading\" data-id=\"bcc7545\" data-element_type=\"widget\" data-e-type=\"widget\" data-widget_type=\"heading.default\">\n\t\t\t\t<div class=\"elementor-widget-container\">\n\t\t\t\t\t<h2 class=\"elementor-heading-title elementor-size-default\">Services Ezoic<\/h2>\t\t\t\t<\/div>\n\t\t\t\t<\/div>\n\t\t<div class=\"elementor-element elementor-element-68d17a3 e-con-full e-flex e-con e-child\" data-id=\"68d17a3\" data-element_type=\"container\" data-e-type=\"container\">\n\t\t\t\t<div class=\"elementor-element elementor-element-c954444 p-1 elementor-widget elementor-widget-text-editor\" data-id=\"c954444\" data-element_type=\"widget\" data-e-type=\"widget\" data-widget_type=\"text-editor.default\">\n\t\t\t\t<div class=\"elementor-widget-container\">\n\t\t\t\t\t\t\t\t\t<p>Ce site web utilise les services d&rsquo;Ezoic Inc. (\u00ab Ezoic \u00bb), notamment pour g\u00e9rer la publicit\u00e9 cibl\u00e9e par centres d&rsquo;int\u00e9r\u00eat de tiers. Ezoic peut employer diverses technologies sur ce site web, y compris des outils pour diffuser du contenu, afficher des publicit\u00e9s et permettre la publicit\u00e9 aux visiteurs de ce site web, qui peuvent utiliser des cookies de premi\u00e8re et de tierce partie. <\/p>\t\t\t\t\t\t\t\t<\/div>\n\t\t\t\t<\/div>\n\t\t\t\t<div class=\"elementor-element elementor-element-02b44db p-1 elementor-widget elementor-widget-text-editor\" data-id=\"02b44db\" data-element_type=\"widget\" data-e-type=\"widget\" data-widget_type=\"text-editor.default\">\n\t\t\t\t<div class=\"elementor-widget-container\">\n\t\t\t\t\t\t\t\t\t<p>Un cookie est un petit fichier texte envoy\u00e9 \u00e0 votre appareil par un serveur web qui permet au site web de m\u00e9moriser des informations sur votre activit\u00e9 de navigation. Les cookies de premi\u00e8re partie sont cr\u00e9\u00e9s par le site que vous visitez, tandis que les cookies de tierce partie sont d\u00e9finis par des domaines autres que celui que vous visitez. Ezoic et nos partenaires peuvent placer des cookies, balises, pixels et technologies similaires de tierce partie pour surveiller les interactions avec les publicit\u00e9s et optimiser le ciblage publicitaire. Veuillez noter que la d\u00e9sactivation des cookies peut limiter l&rsquo;acc\u00e8s \u00e0 certains contenus et fonctionnalit\u00e9s du site web, et le rejet des cookies n&rsquo;\u00e9limine pas les publicit\u00e9s mais entra\u00eenera une publicit\u00e9 non personnalis\u00e9e. Vous pouvez trouver plus d&rsquo;informations sur les cookies et comment les g\u00e9rer <a href=\"https:\/\/allaboutcookies.org\/\">ici<\/a>.    <\/p>\t\t\t\t\t\t\t\t<\/div>\n\t\t\t\t<\/div>\n\t\t\t\t<div class=\"elementor-element elementor-element-571e73b p-1 elementor-widget elementor-widget-text-editor\" data-id=\"571e73b\" data-element_type=\"widget\" data-e-type=\"widget\" data-widget_type=\"text-editor.default\">\n\t\t\t\t<div class=\"elementor-widget-container\">\n\t\t\t\t\t\t\t\t\t<p>Les informations suivantes peuvent \u00eatre collect\u00e9es, utilis\u00e9es et stock\u00e9es dans un cookie lors de la diffusion de <strong>publicit\u00e9s<\/strong> personnalis\u00e9es :<\/p>\t\t\t\t\t\t\t\t<\/div>\n\t\t\t\t<\/div>\n\t\t\t\t<div class=\"elementor-element elementor-element-14f5f67 p-1 elementor-widget elementor-widget-text-editor\" data-id=\"14f5f67\" data-element_type=\"widget\" data-e-type=\"widget\" data-widget_type=\"text-editor.default\">\n\t\t\t\t<div class=\"elementor-widget-container\">\n\t\t\t\t\t\t\t\t\t<ul class=\"wp-block-list\"><li>Adresse IP<\/li><li>Type et version du syst\u00e8me d\u2019exploitation<\/li><li>Type d\u2019appareil<\/li><li>Pr\u00e9f\u00e9rences linguistiques<\/li><li>Type de navigateur web<\/li><li>E-mail (sous une forme hach\u00e9e ou chiffr\u00e9e)<\/li><\/ul>\t\t\t\t\t\t\t\t<\/div>\n\t\t\t\t<\/div>\n\t\t\t\t<div class=\"elementor-element elementor-element-ed212c9 p-1 elementor-widget elementor-widget-text-editor\" data-id=\"ed212c9\" data-element_type=\"widget\" data-e-type=\"widget\" data-widget_type=\"text-editor.default\">\n\t\t\t\t<div class=\"elementor-widget-container\">\n\t\t\t\t\t\t\t\t\t<p>Ezoic et ses partenaires peuvent utiliser ces donn\u00e9es en combinaison avec des informations qui ont \u00e9t\u00e9 collect\u00e9es ind\u00e9pendamment pour diffuser des publicit\u00e9s cibl\u00e9es sur diverses plateformes et sites web. Les partenaires d\u2019Ezoic peuvent \u00e9galement collecter des donn\u00e9es suppl\u00e9mentaires, telles que des identifiants uniques, des identifiants publicitaires, des donn\u00e9es de g\u00e9olocalisation, des donn\u00e9es d\u2019utilisation, des informations sur l\u2019appareil, des donn\u00e9es de trafic, des sources de r\u00e9f\u00e9rence et des interactions entre les utilisateurs et les sites web ou les publicit\u00e9s, afin de cr\u00e9er des segments d\u2019audience pour la publicit\u00e9 cibl\u00e9e sur diff\u00e9rents appareils, navigateurs et applications. Vous pouvez trouver plus d\u2019informations sur la publicit\u00e9 comportementale et comment les g\u00e9rer <a href=\"https:\/\/youradchoices.com\/\">ici<\/a>.  <\/p>\t\t\t\t\t\t\t\t<\/div>\n\t\t\t\t<\/div>\n\t\t\t\t<div class=\"elementor-element elementor-element-0f16c78 p-1 elementor-widget elementor-widget-text-editor\" data-id=\"0f16c78\" data-element_type=\"widget\" data-e-type=\"widget\" data-widget_type=\"text-editor.default\">\n\t\t\t\t<div class=\"elementor-widget-container\">\n\t\t\t\t\t\t\t\t\tVous pouvez consulter la <strong>politique de confidentialit\u00e9<\/strong> d\u2019Ezoic <a href=\"https:\/\/ezoic.com\/privacy\/\">ici<\/a>, ou pour plus d\u2019informations sur la publicit\u00e9 et les autres partenaires d\u2019Ezoic, vous pouvez consulter les partenaires publicitaires d\u2019Ezoic <a href=\"https:\/\/www.ezoic.com\/privacy-policy\/advertising-partners\/\">ici<\/a>.\t\t\t\t\t\t\t\t<\/div>\n\t\t\t\t<\/div>\n\t\t\t\t<\/div>\n\t\t\t\t<\/div>\n\t\t\t\t\t<\/div>\n\t\t\t\t<\/div>\n\t\t\t\t<\/div>\n\t\t","protected":false},"excerpt":{"rendered":"<p>Conditions d&rsquo;utilisation Qui sommes-nous&nbsp;? Adresse du site webNotre adresse de site web est&nbsp;: https:\/\/morningoverview.com\/. Commentaires Lorsque les visiteurs laissent des commentaires sur le site, nous collectons les informations fournies dans le formulaire de commentaires, ainsi que l&rsquo;adresse IP du visiteur et les donn\u00e9es de l&rsquo;agent utilisateur du navigateur pour aider \u00e0 la d\u00e9tection de spam. [&hellip;]<\/p>\n","protected":false},"author":24,"featured_media":0,"parent":0,"menu_order":0,"comment_status":"closed","ping_status":"closed","template":"elementor_header_footer","meta":{"om_disable_all_campaigns":false,"footnotes":""},"class_list":["post-1327538","page","type-page","status-publish","hentry"],"_links":{"self":[{"href":"https:\/\/morningoverview.com\/fr\/wp-json\/wp\/v2\/pages\/1327538","targetHints":{"allow":["GET"]}}],"collection":[{"href":"https:\/\/morningoverview.com\/fr\/wp-json\/wp\/v2\/pages"}],"about":[{"href":"https:\/\/morningoverview.com\/fr\/wp-json\/wp\/v2\/types\/page"}],"author":[{"embeddable":true,"href":"https:\/\/morningoverview.com\/fr\/wp-json\/wp\/v2\/users\/24"}],"replies":[{"embeddable":true,"href":"https:\/\/morningoverview.com\/fr\/wp-json\/wp\/v2\/comments?post=1327538"}],"version-history":[{"count":4,"href":"https:\/\/morningoverview.com\/fr\/wp-json\/wp\/v2\/pages\/1327538\/revisions"}],"predecessor-version":[{"id":1350958,"href":"https:\/\/morningoverview.com\/fr\/wp-json\/wp\/v2\/pages\/1327538\/revisions\/1350958"}],"wp:attachment":[{"href":"https:\/\/morningoverview.com\/fr\/wp-json\/wp\/v2\/media?parent=1327538"}],"curies":[{"name":"wp","href":"https:\/\/api.w.org\/{rel}","templated":true}]}}