{"id":1327470,"date":"2026-02-05T22:41:42","date_gmt":"2026-02-06T03:41:42","guid":{"rendered":"https:\/\/morningoverview.com\/contacte-nous\/"},"modified":"2026-02-10T14:23:03","modified_gmt":"2026-02-10T19:23:03","slug":"contacte-nous","status":"publish","type":"page","link":"https:\/\/morningoverview.com\/fr\/contacte-nous\/","title":{"rendered":"Contacte-nous"},"content":{"rendered":"\t\t<div data-elementor-type=\"wp-page\" data-elementor-id=\"1327470\" class=\"elementor elementor-1327470 elementor-1324803\">\n\t\t\t\t<div class=\"elementor-element elementor-element-7c69188 e-flex e-con-boxed e-con e-parent\" data-id=\"7c69188\" data-element_type=\"container\" data-e-type=\"container\" data-settings=\"{&quot;background_background&quot;:&quot;classic&quot;}\">\n\t\t\t\t\t<div class=\"e-con-inner\">\n\t\t\t\t<div class=\"elementor-element elementor-element-bce091f elementor-widget elementor-widget-heading\" data-id=\"bce091f\" data-element_type=\"widget\" data-e-type=\"widget\" data-widget_type=\"heading.default\">\n\t\t\t\t<div class=\"elementor-widget-container\">\n\t\t\t\t\t<h2 class=\"elementor-heading-title elementor-size-default\">Contact<\/h2>\t\t\t\t<\/div>\n\t\t\t\t<\/div>\n\t\t\t\t\t<\/div>\n\t\t\t\t<\/div>\n\t\t<div class=\"elementor-element elementor-element-20bf986 e-flex e-con-boxed e-con e-parent\" data-id=\"20bf986\" data-element_type=\"container\" data-e-type=\"container\" data-settings=\"{&quot;background_background&quot;:&quot;classic&quot;}\">\n\t\t\t\t\t<div class=\"e-con-inner\">\n\t\t<div class=\"elementor-element elementor-element-c1c1765 e-con-full e-flex e-con e-child\" data-id=\"c1c1765\" data-element_type=\"container\" data-e-type=\"container\">\n\t\t<div class=\"elementor-element elementor-element-a83f81e e-con-full bn-123 e-flex e-con e-child\" data-id=\"a83f81e\" data-element_type=\"container\" data-e-type=\"container\" data-settings=\"{&quot;background_background&quot;:&quot;classic&quot;}\">\n\t\t\t\t<\/div>\n\t\t<div class=\"elementor-element elementor-element-2800747 e-con-full e-flex e-con e-child\" data-id=\"2800747\" data-element_type=\"container\" data-e-type=\"container\">\n\t\t\t\t<div class=\"elementor-element elementor-element-6683b1d p-1 elementor-widget elementor-widget-text-editor\" data-id=\"6683b1d\" data-element_type=\"widget\" data-e-type=\"widget\" data-widget_type=\"text-editor.default\">\n\t\t\t\t<div class=\"elementor-widget-container\">\n\t\t\t\t\t\t\t\t\t<p>Nous serions ravis de vous entendre&nbsp;! Que vous ayez une question, des commentaires ou que vous souhaitiez simplement partager vos r\u00e9flexions sur nos derniers articles, nous sommes toujours ouverts \u00e0 la communication avec nos lecteurs. Votre contribution nous aide \u00e0 nous am\u00e9liorer et garantit que nous couvrons les sujets qui vous int\u00e9ressent le plus.  <\/p>\t\t\t\t\t\t\t\t<\/div>\n\t\t\t\t<\/div>\n\t\t\t\t<div class=\"elementor-element elementor-element-64ea975 p-1 elementor-widget elementor-widget-text-editor\" data-id=\"64ea975\" data-element_type=\"widget\" data-e-type=\"widget\" data-widget_type=\"text-editor.default\">\n\t\t\t\t<div class=\"elementor-widget-container\">\n\t\t\t\t\t\t\t\t\t<p>Si vous souhaitez nous contacter, le meilleur moyen de nous joindre est par e-mail&nbsp;:<\/p>\t\t\t\t\t\t\t\t<\/div>\n\t\t\t\t<\/div>\n\t\t\t\t<div class=\"elementor-element elementor-element-a607885 elementor-icon-list--layout-traditional elementor-list-item-link-full_width elementor-widget elementor-widget-icon-list\" data-id=\"a607885\" data-element_type=\"widget\" data-e-type=\"widget\" data-widget_type=\"icon-list.default\">\n\t\t\t\t<div class=\"elementor-widget-container\">\n\t\t\t\t\t\t\t<ul class=\"elementor-icon-list-items\">\n\t\t\t\t\t\t\t<li class=\"elementor-icon-list-item\">\n\t\t\t\t\t\t\t\t\t\t\t<a href=\"mailto:contact@morningoverview.com\">\n\n\t\t\t\t\t\t\t\t\t\t\t\t<span class=\"elementor-icon-list-icon\">\n\t\t\t\t\t\t\t<i aria-hidden=\"true\" class=\"fas fa-envelope-open-text\"><\/i>\t\t\t\t\t\t<\/span>\n\t\t\t\t\t\t\t\t\t\t<span class=\"elementor-icon-list-text\"><b>Email:<\/b> contact@morningoverview.com<\/span>\n\t\t\t\t\t\t\t\t\t\t\t<\/a>\n\t\t\t\t\t\t\t\t\t<\/li>\n\t\t\t\t\t\t<\/ul>\n\t\t\t\t\t\t<\/div>\n\t\t\t\t<\/div>\n\t\t\t\t<div class=\"elementor-element elementor-element-0827ad9 p-1 elementor-widget elementor-widget-text-editor\" data-id=\"0827ad9\" data-element_type=\"widget\" data-e-type=\"widget\" data-widget_type=\"text-editor.default\">\n\t\t\t\t<div class=\"elementor-widget-container\">\n\t\t\t\t\t\t\t\t\t<p>Nous accueillons vos id\u00e9es, suggestions et toute question que vous pourriez avoir sur notre contenu. Que vous souhaitiez contribuer, collaborer ou simplement poser une question rapide, n\u2019h\u00e9sitez pas \u00e0 nous contacter. <\/p>\t\t\t\t\t\t\t\t<\/div>\n\t\t\t\t<\/div>\n\t\t\t\t<div class=\"elementor-element elementor-element-a460557 p-1 elementor-widget elementor-widget-text-editor\" data-id=\"a460557\" data-element_type=\"widget\" data-e-type=\"widget\" data-widget_type=\"text-editor.default\">\n\t\t\t\t<div class=\"elementor-widget-container\">\n\t\t\t\t\t\t\t\t\t<p>Nous vous remercions de faire partie de <em>Morning Overview<\/em> ! Nous sommes reconnaissants de votre soutien et esp\u00e9rons avoir de vos nouvelles bient\u00f4t.<\/p>\t\t\t\t\t\t\t\t<\/div>\n\t\t\t\t<\/div>\n\t\t\t\t<\/div>\n\t\t\t\t<\/div>\n\t\t<div class=\"elementor-element elementor-element-e2e2e77 e-con-full e-flex e-con e-child\" data-id=\"e2e2e77\" data-element_type=\"container\" data-e-type=\"container\">\n\t\t<div class=\"elementor-element elementor-element-f8f1a59 e-con-full e-flex e-con e-child\" data-id=\"f8f1a59\" data-element_type=\"container\" data-e-type=\"container\">\n\t\t\t\t<div class=\"elementor-element elementor-element-e37dfe8 elementor-widget elementor-widget-shortcode\" data-id=\"e37dfe8\" data-element_type=\"widget\" data-e-type=\"widget\" data-widget_type=\"shortcode.default\">\n\t\t\t\t<div class=\"elementor-widget-container\">\n\t\t\t\t\t\t\t<div class=\"elementor-shortcode\">\n<div class=\"wpcf7 no-js\" id=\"wpcf7-f1328274-o1\" lang=\"en-US\" dir=\"ltr\" data-wpcf7-id=\"1328274\">\n<div class=\"screen-reader-response\"><p role=\"status\" aria-live=\"polite\" aria-atomic=\"true\"><\/p> <ul><\/ul><\/div>\n<form action=\"\/fr\/wp-json\/wp\/v2\/pages\/1327470#wpcf7-f1328274-o1\" method=\"post\" class=\"wpcf7-form init\" aria-label=\"Contact form\" novalidate=\"novalidate\" data-status=\"init\">\n<fieldset class=\"hidden-fields-container\"><input type=\"hidden\" name=\"_wpcf7\" value=\"1328274\" \/><input type=\"hidden\" name=\"_wpcf7_version\" value=\"6.1.5\" \/><input type=\"hidden\" name=\"_wpcf7_locale\" value=\"en_US\" \/><input type=\"hidden\" name=\"_wpcf7_unit_tag\" value=\"wpcf7-f1328274-o1\" \/><input type=\"hidden\" name=\"_wpcf7_container_post\" value=\"0\" \/><input type=\"hidden\" name=\"_wpcf7_posted_data_hash\" value=\"\" \/>\n<\/fieldset>\n<p><label> Votre nom <\/label>\n<\/p>\n<p><span class=\"wpcf7-form-control-wrap\" data-name=\"your-name\"><input size=\"40\" maxlength=\"400\" class=\"wpcf7-form-control wpcf7-text wpcf7-validates-as-required\" autocomplete=\"name\" aria-required=\"true\" aria-invalid=\"false\" placeholder=\"Entrez votre nom\" value=\"\" type=\"text\" name=\"your-name\" \/><\/span>\n<\/p>\n<p><label> Votre e-mail <\/label>\n<\/p>\n<p><span class=\"wpcf7-form-control-wrap\" data-name=\"your-email\"><input size=\"40\" maxlength=\"400\" class=\"wpcf7-form-control wpcf7-email wpcf7-validates-as-required wpcf7-text wpcf7-validates-as-email\" autocomplete=\"email\" aria-required=\"true\" aria-invalid=\"false\" placeholder=\"Entrez votre e-mail\" value=\"\" type=\"email\" name=\"your-email\" \/><\/span>\n<\/p>\n<p><label> Sujette <\/label>\n<\/p>\n<p><span class=\"wpcf7-form-control-wrap\" data-name=\"your-subject\"><input size=\"40\" maxlength=\"400\" class=\"wpcf7-form-control wpcf7-text wpcf7-validates-as-required\" aria-required=\"true\" aria-invalid=\"false\" value=\"\" type=\"text\" name=\"your-subject\" \/><\/span>\n<\/p>\n<p><label> Votre message (facultatif) <\/label>\n<\/p>\n<p><span class=\"wpcf7-form-control-wrap\" data-name=\"your-message\"><textarea cols=\"40\" rows=\"10\" maxlength=\"2000\" class=\"wpcf7-form-control wpcf7-textarea\" aria-invalid=\"false\" name=\"your-message\"><\/textarea><\/span>\n<\/p>\n<p><input class=\"wpcf7-form-control wpcf7-submit has-spinner\" type=\"submit\" value=\"Soumettre\" \/>\n<\/p><p style=\"display: none !important;\" class=\"akismet-fields-container\" data-prefix=\"_wpcf7_ak_\"><label>&#916;<textarea name=\"_wpcf7_ak_hp_textarea\" cols=\"45\" rows=\"8\" maxlength=\"100\"><\/textarea><\/label><input type=\"hidden\" id=\"ak_js_1\" name=\"_wpcf7_ak_js\" value=\"52\"\/><script>document.getElementById( \"ak_js_1\" ).setAttribute( \"value\", ( new Date() ).getTime() );<\/script><\/p><div class=\"wpcf7-response-output\" aria-hidden=\"true\"><\/div>\n<\/form>\n<\/div>\n<\/div>\n\t\t\t\t\t\t<\/div>\n\t\t\t\t<\/div>\n\t\t\t\t<div class=\"elementor-element elementor-element-20ec418 elementor-widget elementor-widget-html\" data-id=\"20ec418\" data-element_type=\"widget\" data-e-type=\"widget\" data-widget_type=\"html.default\">\n\t\t\t\t<div class=\"elementor-widget-container\">\n\t\t\t\t\t<style>input.wpcf7-form-control.wpcf7-text.wpcf7-validates-as-required {\r\n    width: 100%;\r\n    height: 49px;\r\n    padding: 4px 9px ! IMPORTANT;\r\n}\r\n\r\nlabel {\r\n    font-family: 'Montserrat';\r\n    font-size: 18px;\r\n    font-weight: 600;\r\n    margin-top: 10px;\r\n}\r\n\r\nform.wpcf7-form.init p {\r\n    margin-bottom: 0px !important;\r\n    margin-top: 7px;\r\n}\r\n\r\ninput.wpcf7-form-control.wpcf7-submit.has-spinner {\r\n    background-color: #19C391;\r\n    color: #fff;\r\n    padding: 13px 30px;\r\n    font-family: 'Montserrat';\r\n    border: 1px solid;\r\n    font-weight: 600;\r\n}\r\n\r\nform.wpcf7-form.init p {\r\n    margin-top: 12px;\r\n}\r\n<\/style>\t\t\t\t<\/div>\n\t\t\t\t<\/div>\n\t\t\t\t<\/div>\n\t\t\t\t<\/div>\n\t\t\t\t\t<\/div>\n\t\t\t\t<\/div>\n\t\t\t\t<\/div>\n\t\t","protected":false},"excerpt":{"rendered":"<p>Contact Nous serions ravis de vous entendre&nbsp;! Que vous ayez une question, des commentaires ou que vous souhaitiez simplement partager vos r\u00e9flexions sur nos derniers articles, nous sommes toujours ouverts \u00e0 la communication avec nos lecteurs. Votre contribution nous aide \u00e0 nous am\u00e9liorer et garantit que nous couvrons les sujets qui vous int\u00e9ressent le plus. [&hellip;]<\/p>\n","protected":false},"author":24,"featured_media":0,"parent":0,"menu_order":0,"comment_status":"closed","ping_status":"closed","template":"elementor_header_footer","meta":{"om_disable_all_campaigns":false,"footnotes":""},"class_list":["post-1327470","page","type-page","status-publish","hentry"],"_links":{"self":[{"href":"https:\/\/morningoverview.com\/fr\/wp-json\/wp\/v2\/pages\/1327470","targetHints":{"allow":["GET"]}}],"collection":[{"href":"https:\/\/morningoverview.com\/fr\/wp-json\/wp\/v2\/pages"}],"about":[{"href":"https:\/\/morningoverview.com\/fr\/wp-json\/wp\/v2\/types\/page"}],"author":[{"embeddable":true,"href":"https:\/\/morningoverview.com\/fr\/wp-json\/wp\/v2\/users\/24"}],"replies":[{"embeddable":true,"href":"https:\/\/morningoverview.com\/fr\/wp-json\/wp\/v2\/comments?post=1327470"}],"version-history":[{"count":4,"href":"https:\/\/morningoverview.com\/fr\/wp-json\/wp\/v2\/pages\/1327470\/revisions"}],"predecessor-version":[{"id":1328281,"href":"https:\/\/morningoverview.com\/fr\/wp-json\/wp\/v2\/pages\/1327470\/revisions\/1328281"}],"wp:attachment":[{"href":"https:\/\/morningoverview.com\/fr\/wp-json\/wp\/v2\/media?parent=1327470"}],"curies":[{"name":"wp","href":"https:\/\/api.w.org\/{rel}","templated":true}]}}