{"id":1327403,"date":"2026-02-05T22:44:31","date_gmt":"2026-02-06T03:44:31","guid":{"rendered":"https:\/\/morningoverview.com\/corrections\/"},"modified":"2026-03-16T14:58:50","modified_gmt":"2026-03-16T19:58:50","slug":"corrections","status":"publish","type":"page","link":"https:\/\/morningoverview.com\/fr\/corrections\/","title":{"rendered":"Corrections"},"content":{"rendered":"\t\t<div data-elementor-type=\"wp-page\" data-elementor-id=\"1327403\" class=\"elementor elementor-1327403 elementor-1324818\">\n\t\t\t\t<div class=\"elementor-element elementor-element-d2e3cb3 e-flex e-con-boxed e-con e-parent\" data-id=\"d2e3cb3\" data-element_type=\"container\" data-e-type=\"container\" data-settings=\"{&quot;background_background&quot;:&quot;classic&quot;}\">\n\t\t\t\t\t<div class=\"e-con-inner\">\n\t\t<div class=\"elementor-element elementor-element-9bd0522 e-con-full e-flex e-con e-child\" data-id=\"9bd0522\" data-element_type=\"container\" data-e-type=\"container\">\n\t\t\t\t<div class=\"elementor-element elementor-element-868f0b7 elementor-icon-list--layout-traditional elementor-list-item-link-full_width elementor-widget elementor-widget-icon-list\" data-id=\"868f0b7\" data-element_type=\"widget\" data-e-type=\"widget\" data-widget_type=\"icon-list.default\">\n\t\t\t\t<div class=\"elementor-widget-container\">\n\t\t\t\t\t\t\t<ul class=\"elementor-icon-list-items\">\n\t\t\t\t\t\t\t<li class=\"elementor-icon-list-item\">\n\t\t\t\t\t\t\t\t\t\t\t<span class=\"elementor-icon-list-icon\">\n\t\t\t\t\t\t\t<i aria-hidden=\"true\" class=\"fas fa-square-full\"><\/i>\t\t\t\t\t\t<\/span>\n\t\t\t\t\t\t\t\t\t\t<span class=\"elementor-icon-list-text\">Corrections<\/span>\n\t\t\t\t\t\t\t\t\t<\/li>\n\t\t\t\t\t\t<\/ul>\n\t\t\t\t\t\t<\/div>\n\t\t\t\t<\/div>\n\t\t\t\t<\/div>\n\t\t<div class=\"elementor-element elementor-element-fa74fa2 e-con-full e-flex e-con e-child\" data-id=\"fa74fa2\" data-element_type=\"container\" data-e-type=\"container\">\n\t\t<div class=\"elementor-element elementor-element-060944e e-con-full e-flex e-con e-child\" data-id=\"060944e\" data-element_type=\"container\" data-e-type=\"container\">\n\t\t\t\t<div class=\"elementor-element elementor-element-29a1a5b p-1 elementor-widget elementor-widget-text-editor\" data-id=\"29a1a5b\" data-element_type=\"widget\" data-e-type=\"widget\" data-widget_type=\"text-editor.default\">\n\t\t\t\t<div class=\"elementor-widget-container\">\n\t\t\t\t\t\t\t\t\t<p><strong data-start=\"236\" data-end=\"259\">Chez Morning Overview<\/strong>, nous nous effor\u00e7ons d&rsquo;assurer l&rsquo;exactitude et la transparence dans tout ce que nous publions. Si vous pensez qu&rsquo;un contenu de notre site contient une erreur qui m\u00e9rite d&rsquo;\u00eatre corrig\u00e9e, nous accueillons favorablement vos commentaires. <\/p>\t\t\t\t\t\t\t\t<\/div>\n\t\t\t\t<\/div>\n\t\t\t\t<div class=\"elementor-element elementor-element-a4c7110 p-1 elementor-widget elementor-widget-text-editor\" data-id=\"a4c7110\" data-element_type=\"widget\" data-e-type=\"widget\" data-widget_type=\"text-editor.default\">\n\t\t\t\t<div class=\"elementor-widget-container\">\n\t\t\t\t\t\t\t\t\t<p>Nous nous engageons \u00e0 pratiquer un journalisme responsable et corrigerons les erreurs aussi rapidement et clairement que possible. Les corrections sont effectu\u00e9es en consultation avec notre \u00e9quipe \u00e9ditoriale et sont not\u00e9es en bas de l&rsquo;article corrig\u00e9 afin que les lecteurs puissent voir ce qui a \u00e9t\u00e9 mis \u00e0 jour. <\/p>\t\t\t\t\t\t\t\t<\/div>\n\t\t\t\t<\/div>\n\t\t\t\t<div class=\"elementor-element elementor-element-4cd7edd p-1 elementor-widget elementor-widget-text-editor\" data-id=\"4cd7edd\" data-element_type=\"widget\" data-e-type=\"widget\" data-widget_type=\"text-editor.default\">\n\t\t\t\t<div class=\"elementor-widget-container\">\n\t\t\t\t\t\t\t\t\t<p><strong data-start=\"747\" data-end=\"773\">Comment signaler une erreur<\/strong><br data-start=\"773\" data-end=\"776\">Si vous rep\u00e9rez une erreur \u2014 qu&rsquo;elle soit factuelle, typographique ou contextuelle \u2014 veuillez nous envoyer un courriel \u00e0 <strong data-start=\"867\" data-end=\"898\"><a class=\"decorated-link cursor-pointer\" rel=\"noopener\" data-start=\"869\" data-end=\"896\">contact@morningoverview.com<\/a><\/strong> avec les d\u00e9tails du probl\u00e8me.<\/p>\t\t\t\t\t\t\t\t<\/div>\n\t\t\t\t<\/div>\n\t\t\t\t<div class=\"elementor-element elementor-element-e0b8f54 p-1 elementor-widget elementor-widget-text-editor\" data-id=\"e0b8f54\" data-element_type=\"widget\" data-e-type=\"widget\" data-widget_type=\"text-editor.default\">\n\t\t\t\t<div class=\"elementor-widget-container\">\n\t\t\t\t\t\t\t\t\t<p data-start=\"965\" data-end=\"1060\">Nous valorisons les commentaires des lecteurs et appr\u00e9cions votre aide pour maintenir notre contenu exact et fiable.<\/p>\t\t\t\t\t\t\t\t<\/div>\n\t\t\t\t<\/div>\n\t\t\t\t<\/div>\n\t\t<div class=\"elementor-element elementor-element-a792634 e-con-full e-flex e-con e-child\" data-id=\"a792634\" data-element_type=\"container\" data-e-type=\"container\">\n\t\t\t\t<div class=\"elementor-element elementor-element-9d64f3b elementor-widget elementor-widget-heading\" data-id=\"9d64f3b\" data-element_type=\"widget\" data-e-type=\"widget\" data-widget_type=\"heading.default\">\n\t\t\t\t<div class=\"elementor-widget-container\">\n\t\t\t\t\t<h2 class=\"elementor-heading-title elementor-size-default\">Articles corrig\u00e9s<\/h2>\t\t\t\t<\/div>\n\t\t\t\t<\/div>\n\t\t\t\t<\/div>\n\t\t\t\t<\/div>\n\t\t\t\t\t<\/div>\n\t\t\t\t<\/div>\n\t\t\t\t<\/div>\n\t\t","protected":false},"excerpt":{"rendered":"<p>Corrections Chez Morning Overview, nous nous effor\u00e7ons d&rsquo;assurer l&rsquo;exactitude et la transparence dans tout ce que nous publions. Si vous pensez qu&rsquo;un contenu de notre site contient une erreur qui m\u00e9rite d&rsquo;\u00eatre corrig\u00e9e, nous accueillons favorablement vos commentaires. Nous nous engageons \u00e0 pratiquer un journalisme responsable et corrigerons les erreurs aussi rapidement et clairement que [&hellip;]<\/p>\n","protected":false},"author":24,"featured_media":0,"parent":0,"menu_order":0,"comment_status":"closed","ping_status":"closed","template":"elementor_header_footer","meta":{"om_disable_all_campaigns":false,"footnotes":""},"class_list":["post-1327403","page","type-page","status-publish","hentry"],"_links":{"self":[{"href":"https:\/\/morningoverview.com\/fr\/wp-json\/wp\/v2\/pages\/1327403","targetHints":{"allow":["GET"]}}],"collection":[{"href":"https:\/\/morningoverview.com\/fr\/wp-json\/wp\/v2\/pages"}],"about":[{"href":"https:\/\/morningoverview.com\/fr\/wp-json\/wp\/v2\/types\/page"}],"author":[{"embeddable":true,"href":"https:\/\/morningoverview.com\/fr\/wp-json\/wp\/v2\/users\/24"}],"replies":[{"embeddable":true,"href":"https:\/\/morningoverview.com\/fr\/wp-json\/wp\/v2\/comments?post=1327403"}],"version-history":[{"count":4,"href":"https:\/\/morningoverview.com\/fr\/wp-json\/wp\/v2\/pages\/1327403\/revisions"}],"predecessor-version":[{"id":1350925,"href":"https:\/\/morningoverview.com\/fr\/wp-json\/wp\/v2\/pages\/1327403\/revisions\/1350925"}],"wp:attachment":[{"href":"https:\/\/morningoverview.com\/fr\/wp-json\/wp\/v2\/media?parent=1327403"}],"curies":[{"name":"wp","href":"https:\/\/api.w.org\/{rel}","templated":true}]}}