{"id":1310518,"date":"2024-12-07T02:36:44","date_gmt":"2024-12-07T07:36:44","guid":{"rendered":"https:\/\/morningoverview.com\/avertissement\/"},"modified":"2026-03-18T14:56:17","modified_gmt":"2026-03-18T19:56:17","slug":"avertissement","status":"publish","type":"page","link":"https:\/\/morningoverview.com\/fr\/avertissement\/","title":{"rendered":"Avertissement"},"content":{"rendered":"\t\t<div data-elementor-type=\"wp-page\" data-elementor-id=\"1310518\" class=\"elementor elementor-1310518 elementor-1182108\">\n\t\t\t\t<div class=\"elementor-element elementor-element-87b0f0f e-flex e-con-boxed e-con e-parent\" data-id=\"87b0f0f\" data-element_type=\"container\" data-e-type=\"container\" data-settings=\"{&quot;background_background&quot;:&quot;classic&quot;}\">\n\t\t\t\t\t<div class=\"e-con-inner\">\n\t\t\t\t<div class=\"elementor-element elementor-element-fe615b0 elementor-widget elementor-widget-heading\" data-id=\"fe615b0\" data-element_type=\"widget\" data-e-type=\"widget\" data-widget_type=\"heading.default\">\n\t\t\t\t<div class=\"elementor-widget-container\">\n\t\t\t\t\t<h2 class=\"elementor-heading-title elementor-size-default\">Avertissement<\/h2>\t\t\t\t<\/div>\n\t\t\t\t<\/div>\n\t\t\t\t\t<\/div>\n\t\t\t\t<\/div>\n\t\t<div class=\"elementor-element elementor-element-4496221 e-flex e-con-boxed e-con e-parent\" data-id=\"4496221\" data-element_type=\"container\" data-e-type=\"container\" data-settings=\"{&quot;background_background&quot;:&quot;classic&quot;}\">\n\t\t\t\t\t<div class=\"e-con-inner\">\n\t\t<div class=\"elementor-element elementor-element-ec39345 e-con-full e-flex e-con e-child\" data-id=\"ec39345\" data-element_type=\"container\" data-e-type=\"container\">\n\t\t<div class=\"elementor-element elementor-element-636640f e-con-full e-flex e-con e-child\" data-id=\"636640f\" data-element_type=\"container\" data-e-type=\"container\">\n\t\t\t\t<div class=\"elementor-element elementor-element-b2393c8 p-1 elementor-widget elementor-widget-text-editor\" data-id=\"b2393c8\" data-element_type=\"widget\" data-e-type=\"widget\" data-widget_type=\"text-editor.default\">\n\t\t\t\t<div class=\"elementor-widget-container\">\n\t\t\t\t\t\t\t\t\t<p>Si vous avez des questions ou besoin de pr\u00e9cisions concernant la clause de non-responsabilit\u00e9 de notre site, <strong>Morning Overview<\/strong>, n&rsquo;h\u00e9sitez pas \u00e0 nous contacter par e-mail \u00e0 l&rsquo;adresse <span class=\"elementor-icon-list-text\"><a href=\"mailto:contact@morningoverview.com\"><strong>contact@morningoverview.com<\/strong><\/a><\/span>.<\/p>\t\t\t\t\t\t\t\t<\/div>\n\t\t\t\t<\/div>\n\t\t\t\t<div class=\"elementor-element elementor-element-68d3ce4 p-1 elementor-widget elementor-widget-text-editor\" data-id=\"68d3ce4\" data-element_type=\"widget\" data-e-type=\"widget\" data-widget_type=\"text-editor.default\">\n\t\t\t\t<div class=\"elementor-widget-container\">\n\t\t\t\t\t\t\t\t\t<p>Chez <strong>Morning Overview<\/strong> (<a href=\"https:\/\/morningoverview.com\/fr\/\">https:\/\/morningoverview.com<\/a>), nous sommes passionn\u00e9s par le partage d&rsquo;informations sur la technologie, l&rsquo;innovation et les tendances qui fa\u00e7onnent l&rsquo;avenir. Bien que nous travaillions dur pour fournir un contenu pr\u00e9cis et fiable, il est important de noter que toutes les informations de ce site sont publi\u00e9es de bonne foi et \u00e0 des fins d&rsquo;information g\u00e9n\u00e9rale uniquement.<\/p>\t\t\t\t\t\t\t\t<\/div>\n\t\t\t\t<\/div>\n\t\t\t\t<div class=\"elementor-element elementor-element-fb89827 p-1 elementor-widget elementor-widget-text-editor\" data-id=\"fb89827\" data-element_type=\"widget\" data-e-type=\"widget\" data-widget_type=\"text-editor.default\">\n\t\t\t\t<div class=\"elementor-widget-container\">\n\t\t\t\t\t\t\t\t\t<p>Nous tenons \u00e0 \u00eatre clairs : <strong>Morning Overview<\/strong> ne donne aucune garantie quant \u00e0 l&rsquo;exactitude, l&rsquo;exhaustivit\u00e9 ou la fiabilit\u00e9 des informations fournies. Toutes les d\u00e9cisions ou actions prises sur la base du contenu de notre site web le sont \u00e0 vos propres risques. <strong>Morning Overview<\/strong> ne saurait \u00eatre tenu responsable des pertes ou dommages encourus en relation avec l&rsquo;utilisation de notre site. <\/p>\t\t\t\t\t\t\t\t<\/div>\n\t\t\t\t<\/div>\n\t\t\t\t<div class=\"elementor-element elementor-element-ebb6792 p-1 elementor-widget elementor-widget-text-editor\" data-id=\"ebb6792\" data-element_type=\"widget\" data-e-type=\"widget\" data-widget_type=\"text-editor.default\">\n\t\t\t\t<div class=\"elementor-widget-container\">\n\t\t\t\t\t\t\t\t\t<p>Vous trouverez peut-\u00eatre des liens vers des sites web externes sur notre site. Ces liens sont inclus pour vous diriger vers des ressources suppl\u00e9mentaires que nous pensons susceptibles d&rsquo;\u00eatre utiles ou pertinentes. Toutefois, nous n&rsquo;avons aucun contr\u00f4le sur le contenu, les politiques ou les mises \u00e0 jour de ces sites externes. L&rsquo;inclusion de ces liens n&rsquo;implique pas une approbation du contenu ou des services qu&rsquo;ils peuvent offrir. Veuillez noter que les sites externes peuvent mettre \u00e0 jour ou modifier leur contenu sans pr\u00e9avis, ce qui peut rendre un lien obsol\u00e8te ou moins pertinent.    <\/p>\t\t\t\t\t\t\t\t<\/div>\n\t\t\t\t<\/div>\n\t\t\t\t<div class=\"elementor-element elementor-element-f56eda1 p-1 elementor-widget elementor-widget-text-editor\" data-id=\"f56eda1\" data-element_type=\"widget\" data-e-type=\"widget\" data-widget_type=\"text-editor.default\">\n\t\t\t\t<div class=\"elementor-widget-container\">\n\t\t\t\t\t\t\t\t\t<p>Une fois que vous quittez <strong>Morning Overview<\/strong> et que vous visitez un site web externe, vous \u00eates soumis aux politiques de confidentialit\u00e9 et aux conditions d&rsquo;utilisation de ce site web. Nous vous recommandons de lire attentivement ces politiques avant de vous engager dans des transactions ou de partager des informations personnelles. <\/p>\t\t\t\t\t\t\t\t<\/div>\n\t\t\t\t<\/div>\n\t\t\t\t<div class=\"elementor-element elementor-element-24d097a p-1 elementor-widget elementor-widget-text-editor\" data-id=\"24d097a\" data-element_type=\"widget\" data-e-type=\"widget\" data-widget_type=\"text-editor.default\">\n\t\t\t\t<div class=\"elementor-widget-container\">\n\t\t\t\t\t\t\t\t\t<p>Bien que nous aspirions \u00e0 \u00eatre une source d&rsquo;information fiable, nous vous encourageons \u00e0 aborder tout contenu et ressources externes avec diligence et attention.<\/p>\t\t\t\t\t\t\t\t<\/div>\n\t\t\t\t<\/div>\n\t\t\t\t<div class=\"elementor-element elementor-element-4bdf202 p-1 elementor-widget elementor-widget-text-editor\" data-id=\"4bdf202\" data-element_type=\"widget\" data-e-type=\"widget\" data-widget_type=\"text-editor.default\">\n\t\t\t\t<div class=\"elementor-widget-container\">\n\t\t\t\t\t\t\t\t\t<p>Nous vous remercions de faire confiance \u00e0 <strong>Morning Overview<\/strong> comme source d&rsquo;informations et d&rsquo;actualit\u00e9s technologiques.<\/p>\t\t\t\t\t\t\t\t<\/div>\n\t\t\t\t<\/div>\n\t\t\t\t<\/div>\n\t\t\t\t<\/div>\n\t\t<div class=\"elementor-element elementor-element-7857df2 e-con-full e-flex e-con e-child\" data-id=\"7857df2\" data-element_type=\"container\" data-e-type=\"container\">\n\t\t\t\t<div class=\"elementor-element elementor-element-27034fe elementor-widget elementor-widget-heading\" data-id=\"27034fe\" data-element_type=\"widget\" data-e-type=\"widget\" data-widget_type=\"heading.default\">\n\t\t\t\t<div class=\"elementor-widget-container\">\n\t\t\t\t\t<h2 class=\"elementor-heading-title elementor-size-default\">Consentement<\/h2>\t\t\t\t<\/div>\n\t\t\t\t<\/div>\n\t\t<div class=\"elementor-element elementor-element-e3547fd e-con-full e-flex e-con e-child\" data-id=\"e3547fd\" data-element_type=\"container\" data-e-type=\"container\">\n\t\t\t\t<div class=\"elementor-element elementor-element-31b8d90 p-1 elementor-widget elementor-widget-text-editor\" data-id=\"31b8d90\" data-element_type=\"widget\" data-e-type=\"widget\" data-widget_type=\"text-editor.default\">\n\t\t\t\t<div class=\"elementor-widget-container\">\n\t\t\t\t\t\t\t\t\t<p>En utilisant notre site web, vous consentez \u00e0 cette clause de non-responsabilit\u00e9 et acceptez ses conditions.<\/p>\t\t\t\t\t\t\t\t<\/div>\n\t\t\t\t<\/div>\n\t\t\t\t<\/div>\n\t\t\t\t<\/div>\n\t\t<div class=\"elementor-element elementor-element-6f450c3 e-con-full e-flex e-con e-child\" data-id=\"6f450c3\" data-element_type=\"container\" data-e-type=\"container\">\n\t\t\t\t<div class=\"elementor-element elementor-element-a32816b elementor-widget elementor-widget-heading\" data-id=\"a32816b\" data-element_type=\"widget\" data-e-type=\"widget\" data-widget_type=\"heading.default\">\n\t\t\t\t<div class=\"elementor-widget-container\">\n\t\t\t\t\t<h2 class=\"elementor-heading-title elementor-size-default\">Mises \u00e0 jour<\/h2>\t\t\t\t<\/div>\n\t\t\t\t<\/div>\n\t\t<div class=\"elementor-element elementor-element-3284580 e-con-full e-flex e-con e-child\" data-id=\"3284580\" data-element_type=\"container\" data-e-type=\"container\">\n\t\t\t\t<div class=\"elementor-element elementor-element-35b1d4c p-1 elementor-widget elementor-widget-text-editor\" data-id=\"35b1d4c\" data-element_type=\"widget\" data-e-type=\"widget\" data-widget_type=\"text-editor.default\">\n\t\t\t\t<div class=\"elementor-widget-container\">\n\t\t\t\t\t\t\t\t\t<p>Si cette clause de non-responsabilit\u00e9 est mise \u00e0 jour ou modifi\u00e9e, tout changement sera affich\u00e9 de mani\u00e8re visible sur cette page.<\/p>\t\t\t\t\t\t\t\t<\/div>\n\t\t\t\t<\/div>\n\t\t\t\t<\/div>\n\t\t\t\t<\/div>\n\t\t\t\t\t<\/div>\n\t\t\t\t<\/div>\n\t\t\t\t<\/div>\n\t\t","protected":false},"excerpt":{"rendered":"<p>Avertissement Si vous avez des questions ou besoin de pr\u00e9cisions concernant la clause de non-responsabilit\u00e9 de notre site, Morning Overview, n&rsquo;h\u00e9sitez pas \u00e0 nous contacter par e-mail \u00e0 l&rsquo;adresse contact@morningoverview.com. Chez Morning Overview (https:\/\/morningoverview.com), nous sommes passionn\u00e9s par le partage d&rsquo;informations sur la technologie, l&rsquo;innovation et les tendances qui fa\u00e7onnent l&rsquo;avenir. Bien que nous travaillions [&hellip;]<\/p>\n","protected":false},"author":1,"featured_media":0,"parent":0,"menu_order":0,"comment_status":"closed","ping_status":"closed","template":"elementor_header_footer","meta":{"om_disable_all_campaigns":false,"footnotes":""},"class_list":["post-1310518","page","type-page","status-publish","hentry"],"_links":{"self":[{"href":"https:\/\/morningoverview.com\/fr\/wp-json\/wp\/v2\/pages\/1310518","targetHints":{"allow":["GET"]}}],"collection":[{"href":"https:\/\/morningoverview.com\/fr\/wp-json\/wp\/v2\/pages"}],"about":[{"href":"https:\/\/morningoverview.com\/fr\/wp-json\/wp\/v2\/types\/page"}],"author":[{"embeddable":true,"href":"https:\/\/morningoverview.com\/fr\/wp-json\/wp\/v2\/users\/1"}],"replies":[{"embeddable":true,"href":"https:\/\/morningoverview.com\/fr\/wp-json\/wp\/v2\/comments?post=1310518"}],"version-history":[{"count":5,"href":"https:\/\/morningoverview.com\/fr\/wp-json\/wp\/v2\/pages\/1310518\/revisions"}],"predecessor-version":[{"id":1352446,"href":"https:\/\/morningoverview.com\/fr\/wp-json\/wp\/v2\/pages\/1310518\/revisions\/1352446"}],"wp:attachment":[{"href":"https:\/\/morningoverview.com\/fr\/wp-json\/wp\/v2\/media?parent=1310518"}],"curies":[{"name":"wp","href":"https:\/\/api.w.org\/{rel}","templated":true}]}}