{"id":1327547,"date":"2026-02-05T22:58:07","date_gmt":"2026-02-06T03:58:07","guid":{"rendered":"https:\/\/morningoverview.com\/condiciones-de-uso\/"},"modified":"2026-03-16T18:01:35","modified_gmt":"2026-03-16T23:01:35","slug":"condiciones-de-uso","status":"publish","type":"page","link":"https:\/\/morningoverview.com\/es\/condiciones-de-uso\/","title":{"rendered":"Condiciones de uso"},"content":{"rendered":"\t\t<div data-elementor-type=\"wp-page\" data-elementor-id=\"1327547\" class=\"elementor elementor-1327547 elementor-1324863\">\n\t\t\t\t<div class=\"elementor-element elementor-element-e4eea79 e-flex e-con-boxed e-con e-parent\" data-id=\"e4eea79\" data-element_type=\"container\" data-e-type=\"container\" data-settings=\"{&quot;background_background&quot;:&quot;classic&quot;}\">\n\t\t\t\t\t<div class=\"e-con-inner\">\n\t\t\t\t<div class=\"elementor-element elementor-element-88e2ca0 elementor-widget elementor-widget-heading\" data-id=\"88e2ca0\" data-element_type=\"widget\" data-e-type=\"widget\" data-widget_type=\"heading.default\">\n\t\t\t\t<div class=\"elementor-widget-container\">\n\t\t\t\t\t<h2 class=\"elementor-heading-title elementor-size-default\">Condiciones de uso<\/h2>\t\t\t\t<\/div>\n\t\t\t\t<\/div>\n\t\t\t\t\t<\/div>\n\t\t\t\t<\/div>\n\t\t<div class=\"elementor-element elementor-element-0d38765 e-flex e-con-boxed e-con e-parent\" data-id=\"0d38765\" data-element_type=\"container\" data-e-type=\"container\" data-settings=\"{&quot;background_background&quot;:&quot;classic&quot;}\">\n\t\t\t\t\t<div class=\"e-con-inner\">\n\t\t<div class=\"elementor-element elementor-element-6c52be3 e-con-full e-flex e-con e-child\" data-id=\"6c52be3\" data-element_type=\"container\" data-e-type=\"container\">\n\t\t\t\t<div class=\"elementor-element elementor-element-a646232 elementor-widget elementor-widget-heading\" data-id=\"a646232\" data-element_type=\"widget\" data-e-type=\"widget\" data-widget_type=\"heading.default\">\n\t\t\t\t<div class=\"elementor-widget-container\">\n\t\t\t\t\t<h2 class=\"elementor-heading-title elementor-size-default\">Qui\u00e9nes somos<\/h2>\t\t\t\t<\/div>\n\t\t\t\t<\/div>\n\t\t\t\t<div class=\"elementor-element elementor-element-fed9c58 p-1 elementor-widget elementor-widget-text-editor\" data-id=\"fed9c58\" data-element_type=\"widget\" data-e-type=\"widget\" data-widget_type=\"text-editor.default\">\n\t\t\t\t<div class=\"elementor-widget-container\">\n\t\t\t\t\t\t\t\t\t<p><strong>Direcci\u00f3n del sitio web<\/strong><br>Nuestra direcci\u00f3n web es: <a href=\"https:\/\/morningoverview.com\/es\/\">https:\/\/morningoverview.com\/<\/a>.<\/p>\t\t\t\t\t\t\t\t<\/div>\n\t\t\t\t<\/div>\n\t\t\t\t<\/div>\n\t\t<div class=\"elementor-element elementor-element-686b91d e-con-full e-flex e-con e-child\" data-id=\"686b91d\" data-element_type=\"container\" data-e-type=\"container\">\n\t\t\t\t<div class=\"elementor-element elementor-element-62e181e elementor-widget elementor-widget-heading\" data-id=\"62e181e\" data-element_type=\"widget\" data-e-type=\"widget\" data-widget_type=\"heading.default\">\n\t\t\t\t<div class=\"elementor-widget-container\">\n\t\t\t\t\t<h2 class=\"elementor-heading-title elementor-size-default\">Comentarios<\/h2>\t\t\t\t<\/div>\n\t\t\t\t<\/div>\n\t\t<div class=\"elementor-element elementor-element-3773d67 e-con-full e-flex e-con e-child\" data-id=\"3773d67\" data-element_type=\"container\" data-e-type=\"container\">\n\t\t\t\t<div class=\"elementor-element elementor-element-db6b341 p-1 elementor-widget elementor-widget-text-editor\" data-id=\"db6b341\" data-element_type=\"widget\" data-e-type=\"widget\" data-widget_type=\"text-editor.default\">\n\t\t\t\t<div class=\"elementor-widget-container\">\n\t\t\t\t\t\t\t\t\t<p>Cuando los visitantes dejan comentarios en el sitio, recopilamos la informaci\u00f3n proporcionada en el formulario de comentarios, as\u00ed como la direcci\u00f3n IP del visitante y los datos del agente de usuario del navegador para ayudar en la detecci\u00f3n de spam.<\/p>\t\t\t\t\t\t\t\t<\/div>\n\t\t\t\t<\/div>\n\t\t\t\t<div class=\"elementor-element elementor-element-da88119 p-1 elementor-widget elementor-widget-text-editor\" data-id=\"da88119\" data-element_type=\"widget\" data-e-type=\"widget\" data-widget_type=\"text-editor.default\">\n\t\t\t\t<div class=\"elementor-widget-container\">\n\t\t\t\t\t\t\t\t\t<p>Adem\u00e1s, se puede compartir un hash an\u00f3nimo generado a partir de su direcci\u00f3n de correo electr\u00f3nico con el servicio Gravatar para verificar si lo utiliza. La pol\u00edtica de privacidad del servicio Gravatar est\u00e1 disponible aqu\u00ed: <a href=\"https:\/\/automattic.com\/privacy\/\">https:\/\/automattic.com\/privacy\/<\/a>. Una vez que se aprueba su comentario, su foto de perfil, si corresponde, aparecer\u00e1 p\u00fablicamente junto con su comentario.  <\/p>\t\t\t\t\t\t\t\t<\/div>\n\t\t\t\t<\/div>\n\t\t\t\t<\/div>\n\t\t\t\t<\/div>\n\t\t<div class=\"elementor-element elementor-element-4918c4d e-con-full e-flex e-con e-child\" data-id=\"4918c4d\" data-element_type=\"container\" data-e-type=\"container\">\n\t\t\t\t<div class=\"elementor-element elementor-element-d732d0b elementor-widget elementor-widget-heading\" data-id=\"d732d0b\" data-element_type=\"widget\" data-e-type=\"widget\" data-widget_type=\"heading.default\">\n\t\t\t\t<div class=\"elementor-widget-container\">\n\t\t\t\t\t<h2 class=\"elementor-heading-title elementor-size-default\">Medios<\/h2>\t\t\t\t<\/div>\n\t\t\t\t<\/div>\n\t\t<div class=\"elementor-element elementor-element-19f2f82 e-con-full e-flex e-con e-child\" data-id=\"19f2f82\" data-element_type=\"container\" data-e-type=\"container\">\n\t\t\t\t<div class=\"elementor-element elementor-element-f79ff56 p-1 elementor-widget elementor-widget-text-editor\" data-id=\"f79ff56\" data-element_type=\"widget\" data-e-type=\"widget\" data-widget_type=\"text-editor.default\">\n\t\t\t\t<div class=\"elementor-widget-container\">\n\t\t\t\t\t\t\t\t\t<p>Si sube im\u00e1genes a nuestro sitio web, aseg\u00farese de eliminar los datos de ubicaci\u00f3n incrustados (EXIF GPS). Los visitantes del sitio pueden descargar y extraer informaci\u00f3n de ubicaci\u00f3n de las im\u00e1genes publicadas en l\u00ednea. <\/p>\t\t\t\t\t\t\t\t<\/div>\n\t\t\t\t<\/div>\n\t\t\t\t<\/div>\n\t\t\t\t<\/div>\n\t\t<div class=\"elementor-element elementor-element-cfc24dd e-con-full e-flex e-con e-child\" data-id=\"cfc24dd\" data-element_type=\"container\" data-e-type=\"container\">\n\t\t\t\t<div class=\"elementor-element elementor-element-06d2206 elementor-widget elementor-widget-heading\" data-id=\"06d2206\" data-element_type=\"widget\" data-e-type=\"widget\" data-widget_type=\"heading.default\">\n\t\t\t\t<div class=\"elementor-widget-container\">\n\t\t\t\t\t<h2 class=\"elementor-heading-title elementor-size-default\">Cookies<\/h2>\t\t\t\t<\/div>\n\t\t\t\t<\/div>\n\t\t<div class=\"elementor-element elementor-element-8b867fa e-con-full e-flex e-con e-child\" data-id=\"8b867fa\" data-element_type=\"container\" data-e-type=\"container\">\n\t\t\t\t<div class=\"elementor-element elementor-element-7281dbd p-1 elementor-widget elementor-widget-text-editor\" data-id=\"7281dbd\" data-element_type=\"widget\" data-e-type=\"widget\" data-widget_type=\"text-editor.default\">\n\t\t\t\t<div class=\"elementor-widget-container\">\n\t\t\t\t\t\t\t\t\t<ul class=\"wp-block-list\"><li>Al dejar un comentario en el sitio, puede optar por guardar su nombre, direcci\u00f3n de correo electr\u00f3nico y sitio web en cookies para mayor comodidad. Estas cookies permanecer\u00e1n durante un a\u00f1o. <\/li><li>Si visita la p\u00e1gina de inicio de sesi\u00f3n, se establece una cookie temporal para verificar si su navegador acepta cookies. Esta cookie no contiene datos personales y se elimina al cerrar el navegador. <\/li><li>Para los usuarios registrados, se establecen varias cookies para almacenar las credenciales de inicio de sesi\u00f3n y las preferencias de pantalla. Las cookies de inicio de sesi\u00f3n duran dos d\u00edas, a menos que se seleccione \u00abRecordarme\u00bb, lo que extiende la sesi\u00f3n de inicio de sesi\u00f3n a dos semanas. Las cookies de preferencias de pantalla duran un a\u00f1o. Cerrar sesi\u00f3n elimina estas cookies.   <\/li><li>Al editar o publicar un art\u00edculo, se almacena una cookie adicional en su navegador. Esta cookie incluye el ID de la publicaci\u00f3n del art\u00edculo y caduca despu\u00e9s de un d\u00eda. <\/li><\/ul>\t\t\t\t\t\t\t\t<\/div>\n\t\t\t\t<\/div>\n\t\t\t\t<\/div>\n\t\t\t\t<\/div>\n\t\t<div class=\"elementor-element elementor-element-2c6ad10 e-con-full e-flex e-con e-child\" data-id=\"2c6ad10\" data-element_type=\"container\" data-e-type=\"container\">\n\t\t\t\t<div class=\"elementor-element elementor-element-e03515a elementor-widget elementor-widget-heading\" data-id=\"e03515a\" data-element_type=\"widget\" data-e-type=\"widget\" data-widget_type=\"heading.default\">\n\t\t\t\t<div class=\"elementor-widget-container\">\n\t\t\t\t\t<h2 class=\"elementor-heading-title elementor-size-default\">Contenido incrustado de otros sitios web<\/h2>\t\t\t\t<\/div>\n\t\t\t\t<\/div>\n\t\t<div class=\"elementor-element elementor-element-817bc9b e-con-full e-flex e-con e-child\" data-id=\"817bc9b\" data-element_type=\"container\" data-e-type=\"container\">\n\t\t\t\t<div class=\"elementor-element elementor-element-a6a7e20 p-1 elementor-widget elementor-widget-text-editor\" data-id=\"a6a7e20\" data-element_type=\"widget\" data-e-type=\"widget\" data-widget_type=\"text-editor.default\">\n\t\t\t\t<div class=\"elementor-widget-container\">\n\t\t\t\t\t\t\t\t\t<p>Nuestros art\u00edculos pueden incluir contenido incrustado (por ejemplo, v\u00eddeos, im\u00e1genes o art\u00edculos). El contenido incrustado de otros sitios web se comporta como si estuviera visitando esos sitios web directamente. Estos sitios de terceros pueden recopilar datos sobre usted, utilizar cookies, rastrear sus interacciones y supervisar su participaci\u00f3n con el contenido incrustado, especialmente si ha iniciado sesi\u00f3n en una cuenta en esos sitios web.  <\/p>\t\t\t\t\t\t\t\t<\/div>\n\t\t\t\t<\/div>\n\t\t\t\t<\/div>\n\t\t\t\t<\/div>\n\t\t<div class=\"elementor-element elementor-element-f8b46e7 e-con-full e-flex e-con e-child\" data-id=\"f8b46e7\" data-element_type=\"container\" data-e-type=\"container\">\n\t\t\t\t<div class=\"elementor-element elementor-element-440b4bf elementor-widget elementor-widget-heading\" data-id=\"440b4bf\" data-element_type=\"widget\" data-e-type=\"widget\" data-widget_type=\"heading.default\">\n\t\t\t\t<div class=\"elementor-widget-container\">\n\t\t\t\t\t<h2 class=\"elementor-heading-title elementor-size-default\">Con qui\u00e9n compartimos sus datos<\/h2>\t\t\t\t<\/div>\n\t\t\t\t<\/div>\n\t\t<div class=\"elementor-element elementor-element-2966734 e-con-full e-flex e-con e-child\" data-id=\"2966734\" data-element_type=\"container\" data-e-type=\"container\">\n\t\t\t\t<div class=\"elementor-element elementor-element-dcc34b5 p-1 elementor-widget elementor-widget-text-editor\" data-id=\"dcc34b5\" data-element_type=\"widget\" data-e-type=\"widget\" data-widget_type=\"text-editor.default\">\n\t\t\t\t<div class=\"elementor-widget-container\">\n\t\t\t\t\t\t\t\t\t<p>Si solicita un restablecimiento de contrase\u00f1a, su direcci\u00f3n IP se incluir\u00e1 en el <strong>correo electr\u00f3nico<\/strong> de restablecimiento.<\/p>\t\t\t\t\t\t\t\t<\/div>\n\t\t\t\t<\/div>\n\t\t\t\t<\/div>\n\t\t\t\t<\/div>\n\t\t<div class=\"elementor-element elementor-element-65a53d9 e-con-full e-flex e-con e-child\" data-id=\"65a53d9\" data-element_type=\"container\" data-e-type=\"container\">\n\t\t\t\t<div class=\"elementor-element elementor-element-e933ad1 elementor-widget elementor-widget-heading\" data-id=\"e933ad1\" data-element_type=\"widget\" data-e-type=\"widget\" data-widget_type=\"heading.default\">\n\t\t\t\t<div class=\"elementor-widget-container\">\n\t\t\t\t\t<h2 class=\"elementor-heading-title elementor-size-default\">Cu\u00e1nto tiempo conservamos sus datos<\/h2>\t\t\t\t<\/div>\n\t\t\t\t<\/div>\n\t\t<div class=\"elementor-element elementor-element-48e0a06 e-con-full e-flex e-con e-child\" data-id=\"48e0a06\" data-element_type=\"container\" data-e-type=\"container\">\n\t\t\t\t<div class=\"elementor-element elementor-element-e29d8ce p-1 elementor-widget elementor-widget-text-editor\" data-id=\"e29d8ce\" data-element_type=\"widget\" data-e-type=\"widget\" data-widget_type=\"text-editor.default\">\n\t\t\t\t<div class=\"elementor-widget-container\">\n\t\t\t\t\t\t\t\t\t<ul class=\"wp-block-list\"><li>Los comentarios y sus metadatos se almacenan indefinidamente para ayudar a reconocer y aprobar los comentarios de seguimiento autom\u00e1ticamente.<\/li><li>Para los usuarios que se registran en el sitio, se almacena la informaci\u00f3n personal proporcionada en su perfil de usuario. Los usuarios registrados pueden ver, editar o eliminar sus datos personales en cualquier momento, excepto su nombre de usuario. Los administradores del sitio tambi\u00e9n pueden acceder y editar esta informaci\u00f3n.  <\/li><\/ul>\t\t\t\t\t\t\t\t<\/div>\n\t\t\t\t<\/div>\n\t\t\t\t<\/div>\n\t\t\t\t<\/div>\n\t\t<div class=\"elementor-element elementor-element-d045cf6 e-con-full e-flex e-con e-child\" data-id=\"d045cf6\" data-element_type=\"container\" data-e-type=\"container\">\n\t\t\t\t<div class=\"elementor-element elementor-element-0ec31ab elementor-widget elementor-widget-heading\" data-id=\"0ec31ab\" data-element_type=\"widget\" data-e-type=\"widget\" data-widget_type=\"heading.default\">\n\t\t\t\t<div class=\"elementor-widget-container\">\n\t\t\t\t\t<h2 class=\"elementor-heading-title elementor-size-default\">Sus derechos sobre sus datos<\/h2>\t\t\t\t<\/div>\n\t\t\t\t<\/div>\n\t\t<div class=\"elementor-element elementor-element-dd81f6b e-con-full e-flex e-con e-child\" data-id=\"dd81f6b\" data-element_type=\"container\" data-e-type=\"container\">\n\t\t\t\t<div class=\"elementor-element elementor-element-0977db8 p-1 elementor-widget elementor-widget-text-editor\" data-id=\"0977db8\" data-element_type=\"widget\" data-e-type=\"widget\" data-widget_type=\"text-editor.default\">\n\t\t\t\t<div class=\"elementor-widget-container\">\n\t\t\t\t\t\t\t\t\t<p>Si tiene una cuenta o ha dejado comentarios en el sitio, puede solicitar una copia exportada de los datos personales que tenemos sobre usted. Tambi\u00e9n puede solicitar que eliminemos cualquier dato personal que tengamos, excluyendo los datos necesarios para fines administrativos, legales o de seguridad. <\/p>\t\t\t\t\t\t\t\t<\/div>\n\t\t\t\t<\/div>\n\t\t\t\t<\/div>\n\t\t\t\t<\/div>\n\t\t<div class=\"elementor-element elementor-element-7923769 e-con-full e-flex e-con e-child\" data-id=\"7923769\" data-element_type=\"container\" data-e-type=\"container\">\n\t\t\t\t<div class=\"elementor-element elementor-element-826449e elementor-widget elementor-widget-heading\" data-id=\"826449e\" data-element_type=\"widget\" data-e-type=\"widget\" data-widget_type=\"heading.default\">\n\t\t\t\t<div class=\"elementor-widget-container\">\n\t\t\t\t\t<h2 class=\"elementor-heading-title elementor-size-default\">D\u00f3nde se env\u00edan sus datos<\/h2>\t\t\t\t<\/div>\n\t\t\t\t<\/div>\n\t\t<div class=\"elementor-element elementor-element-8185eb1 e-con-full e-flex e-con e-child\" data-id=\"8185eb1\" data-element_type=\"container\" data-e-type=\"container\">\n\t\t\t\t<div class=\"elementor-element elementor-element-cdf44a5 p-1 elementor-widget elementor-widget-text-editor\" data-id=\"cdf44a5\" data-element_type=\"widget\" data-e-type=\"widget\" data-widget_type=\"text-editor.default\">\n\t\t\t\t<div class=\"elementor-widget-container\">\n\t\t\t\t\t\t\t\t\t<p>Los comentarios de los visitantes pueden procesarse a trav\u00e9s de un servicio automatizado de detecci\u00f3n de spam para garantizar la seguridad e integridad del sitio.<\/p>\t\t\t\t\t\t\t\t<\/div>\n\t\t\t\t<\/div>\n\t\t\t\t<\/div>\n\t\t\t\t<\/div>\n\t\t<div class=\"elementor-element elementor-element-3bb1b3d e-con-full e-flex e-con e-child\" data-id=\"3bb1b3d\" data-element_type=\"container\" data-e-type=\"container\">\n\t\t\t\t<div class=\"elementor-element elementor-element-bcc7545 elementor-widget elementor-widget-heading\" data-id=\"bcc7545\" data-element_type=\"widget\" data-e-type=\"widget\" data-widget_type=\"heading.default\">\n\t\t\t\t<div class=\"elementor-widget-container\">\n\t\t\t\t\t<h2 class=\"elementor-heading-title elementor-size-default\">Servicios de Ezoic<\/h2>\t\t\t\t<\/div>\n\t\t\t\t<\/div>\n\t\t<div class=\"elementor-element elementor-element-68d17a3 e-con-full e-flex e-con e-child\" data-id=\"68d17a3\" data-element_type=\"container\" data-e-type=\"container\">\n\t\t\t\t<div class=\"elementor-element elementor-element-c954444 p-1 elementor-widget elementor-widget-text-editor\" data-id=\"c954444\" data-element_type=\"widget\" data-e-type=\"widget\" data-widget_type=\"text-editor.default\">\n\t\t\t\t<div class=\"elementor-widget-container\">\n\t\t\t\t\t\t\t\t\t<p>Este sitio web utiliza los servicios de Ezoic Inc. (\u00abEzoic\u00bb), incluso para administrar la publicidad de terceros basada en intereses. Ezoic puede emplear una variedad de tecnolog\u00edas en este sitio web, incluidas herramientas para servir contenido, mostrar anuncios y permitir la publicidad a los visitantes de este sitio web, que pueden utilizar cookies de origen y de terceros. <\/p>\t\t\t\t\t\t\t\t<\/div>\n\t\t\t\t<\/div>\n\t\t\t\t<div class=\"elementor-element elementor-element-02b44db p-1 elementor-widget elementor-widget-text-editor\" data-id=\"02b44db\" data-element_type=\"widget\" data-e-type=\"widget\" data-widget_type=\"text-editor.default\">\n\t\t\t\t<div class=\"elementor-widget-container\">\n\t\t\t\t\t\t\t\t\t<p>Una cookie es un peque\u00f1o archivo de texto enviado a su dispositivo por un servidor web que permite que el sitio web recuerde informaci\u00f3n sobre su actividad de navegaci\u00f3n. Las cookies de origen son creadas por el sitio que est\u00e1 visitando, mientras que las cookies de terceros son establecidas por dominios distintos del que est\u00e1 visitando.  Ezoic y nuestros socios pueden colocar cookies de terceros, etiquetas, balizas, p\u00edxeles y tecnolog\u00edas similares para supervisar las interacciones con los anuncios y optimizar la orientaci\u00f3n de los anuncios. Tenga en cuenta que deshabilitar las cookies puede limitar el acceso a cierto contenido y caracter\u00edsticas del sitio web, y rechazar las cookies no elimina los anuncios, pero dar\u00e1 como resultado publicidad no personalizada. Puede encontrar m\u00e1s informaci\u00f3n sobre las cookies y c\u00f3mo administrarlas <a href=\"https:\/\/allaboutcookies.org\/\">aqu\u00ed<\/a>.<\/p>\t\t\t\t\t\t\t\t<\/div>\n\t\t\t\t<\/div>\n\t\t\t\t<div class=\"elementor-element elementor-element-571e73b p-1 elementor-widget elementor-widget-text-editor\" data-id=\"571e73b\" data-element_type=\"widget\" data-e-type=\"widget\" data-widget_type=\"text-editor.default\">\n\t\t\t\t<div class=\"elementor-widget-container\">\n\t\t\t\t\t\t\t\t\t<p>La siguiente informaci\u00f3n puede recopilarse, utilizarse y almacenarse en una cookie al servir <strong>anuncios<\/strong> personalizados:<\/p>\t\t\t\t\t\t\t\t<\/div>\n\t\t\t\t<\/div>\n\t\t\t\t<div class=\"elementor-element elementor-element-14f5f67 p-1 elementor-widget elementor-widget-text-editor\" data-id=\"14f5f67\" data-element_type=\"widget\" data-e-type=\"widget\" data-widget_type=\"text-editor.default\">\n\t\t\t\t<div class=\"elementor-widget-container\">\n\t\t\t\t\t\t\t\t\t<ul class=\"wp-block-list\"><li>Direcci\u00f3n IP<\/li><li>Tipo y versi\u00f3n del sistema operativo<\/li><li>Tipo de dispositivo<\/li><li>Preferencias de idioma<\/li><li>Tipo de navegador web<\/li><li>Correo electr\u00f3nico (en forma hash o cifrada)<\/li><\/ul>\t\t\t\t\t\t\t\t<\/div>\n\t\t\t\t<\/div>\n\t\t\t\t<div class=\"elementor-element elementor-element-ed212c9 p-1 elementor-widget elementor-widget-text-editor\" data-id=\"ed212c9\" data-element_type=\"widget\" data-e-type=\"widget\" data-widget_type=\"text-editor.default\">\n\t\t\t\t<div class=\"elementor-widget-container\">\n\t\t\t\t\t\t\t\t\t<p>Ezoic y sus socios pueden utilizar estos datos en combinaci\u00f3n con informaci\u00f3n que se ha recopilado de forma independiente para ofrecer anuncios dirigidos en varias plataformas y sitios web. Los socios de Ezoic tambi\u00e9n pueden recopilar datos adicionales, como identificadores \u00fanicos, identificadores de publicidad, datos de geolocalizaci\u00f3n, datos de uso, informaci\u00f3n del dispositivo, datos de tr\u00e1fico, fuentes de referencia e interacciones entre usuarios y sitios web o anuncios, para crear segmentos de audiencia para publicidad dirigida en diferentes dispositivos, navegadores y aplicaciones. Puede encontrar m\u00e1s informaci\u00f3n sobre la publicidad basada en intereses y c\u00f3mo administrarlos <a href=\"https:\/\/youradchoices.com\/\">aqu\u00ed<\/a>.  <\/p>\t\t\t\t\t\t\t\t<\/div>\n\t\t\t\t<\/div>\n\t\t\t\t<div class=\"elementor-element elementor-element-0f16c78 p-1 elementor-widget elementor-widget-text-editor\" data-id=\"0f16c78\" data-element_type=\"widget\" data-e-type=\"widget\" data-widget_type=\"text-editor.default\">\n\t\t\t\t<div class=\"elementor-widget-container\">\n\t\t\t\t\t\t\t\t\t<p>Puede ver la <strong>pol\u00edtica de privacidad<\/strong> de Ezoic <a href=\"https:\/\/ezoic.com\/privacy\/\">aqu\u00ed<\/a>, o para obtener informaci\u00f3n adicional sobre la publicidad y otros socios de Ezoic, puede consultar los socios publicitarios de Ezoic <a href=\"https:\/\/www.ezoic.com\/privacy-policy\/advertising-partners\/\">aqu\u00ed<\/a>.<\/p>\t\t\t\t\t\t\t\t<\/div>\n\t\t\t\t<\/div>\n\t\t\t\t<\/div>\n\t\t\t\t<\/div>\n\t\t\t\t\t<\/div>\n\t\t\t\t<\/div>\n\t\t\t\t<\/div>\n\t\t","protected":false},"excerpt":{"rendered":"<p>Condiciones de uso Qui\u00e9nes somos Direcci\u00f3n del sitio webNuestra direcci\u00f3n web es: https:\/\/morningoverview.com\/. Comentarios Cuando los visitantes dejan comentarios en el sitio, recopilamos la informaci\u00f3n proporcionada en el formulario de comentarios, as\u00ed como la direcci\u00f3n IP del visitante y los datos del agente de usuario del navegador para ayudar en la detecci\u00f3n de spam. Adem\u00e1s, [&hellip;]<\/p>\n","protected":false},"author":24,"featured_media":0,"parent":0,"menu_order":0,"comment_status":"closed","ping_status":"closed","template":"elementor_header_footer","meta":{"om_disable_all_campaigns":false,"footnotes":""},"class_list":["post-1327547","page","type-page","status-publish","hentry"],"_links":{"self":[{"href":"https:\/\/morningoverview.com\/es\/wp-json\/wp\/v2\/pages\/1327547","targetHints":{"allow":["GET"]}}],"collection":[{"href":"https:\/\/morningoverview.com\/es\/wp-json\/wp\/v2\/pages"}],"about":[{"href":"https:\/\/morningoverview.com\/es\/wp-json\/wp\/v2\/types\/page"}],"author":[{"embeddable":true,"href":"https:\/\/morningoverview.com\/es\/wp-json\/wp\/v2\/users\/24"}],"replies":[{"embeddable":true,"href":"https:\/\/morningoverview.com\/es\/wp-json\/wp\/v2\/comments?post=1327547"}],"version-history":[{"count":7,"href":"https:\/\/morningoverview.com\/es\/wp-json\/wp\/v2\/pages\/1327547\/revisions"}],"predecessor-version":[{"id":1350999,"href":"https:\/\/morningoverview.com\/es\/wp-json\/wp\/v2\/pages\/1327547\/revisions\/1350999"}],"wp:attachment":[{"href":"https:\/\/morningoverview.com\/es\/wp-json\/wp\/v2\/media?parent=1327547"}],"curies":[{"name":"wp","href":"https:\/\/api.w.org\/{rel}","templated":true}]}}