{"id":1327535,"date":"2026-02-05T22:58:07","date_gmt":"2026-02-06T03:58:07","guid":{"rendered":"https:\/\/morningoverview.com\/nutzungsbedingungen\/"},"modified":"2026-02-09T15:32:41","modified_gmt":"2026-02-09T20:32:41","slug":"nutzungsbedingungen","status":"publish","type":"page","link":"https:\/\/morningoverview.com\/de\/nutzungsbedingungen\/","title":{"rendered":"Nutzungsbedingungen"},"content":{"rendered":"\t\t<div data-elementor-type=\"wp-page\" data-elementor-id=\"1327535\" class=\"elementor elementor-1327535 elementor-1324863\">\n\t\t\t\t<div class=\"elementor-element elementor-element-e4eea79 e-flex e-con-boxed e-con e-parent\" data-id=\"e4eea79\" data-element_type=\"container\" data-e-type=\"container\" data-settings=\"{&quot;background_background&quot;:&quot;classic&quot;}\">\n\t\t\t\t\t<div class=\"e-con-inner\">\n\t\t\t\t<div class=\"elementor-element elementor-element-88e2ca0 elementor-widget elementor-widget-heading\" data-id=\"88e2ca0\" data-element_type=\"widget\" data-e-type=\"widget\" data-widget_type=\"heading.default\">\n\t\t\t\t<div class=\"elementor-widget-container\">\n\t\t\t\t\t<h2 class=\"elementor-heading-title elementor-size-default\">Nutzungsbedingungen<\/h2>\t\t\t\t<\/div>\n\t\t\t\t<\/div>\n\t\t\t\t\t<\/div>\n\t\t\t\t<\/div>\n\t\t<div class=\"elementor-element elementor-element-0d38765 e-flex e-con-boxed e-con e-parent\" data-id=\"0d38765\" data-element_type=\"container\" data-e-type=\"container\" data-settings=\"{&quot;background_background&quot;:&quot;classic&quot;}\">\n\t\t\t\t\t<div class=\"e-con-inner\">\n\t\t<div class=\"elementor-element elementor-element-6c52be3 e-con-full e-flex e-con e-child\" data-id=\"6c52be3\" data-element_type=\"container\" data-e-type=\"container\">\n\t\t\t\t<div class=\"elementor-element elementor-element-a646232 elementor-widget elementor-widget-heading\" data-id=\"a646232\" data-element_type=\"widget\" data-e-type=\"widget\" data-widget_type=\"heading.default\">\n\t\t\t\t<div class=\"elementor-widget-container\">\n\t\t\t\t\t<h2 class=\"elementor-heading-title elementor-size-default\">Wer wir sind<\/h2>\t\t\t\t<\/div>\n\t\t\t\t<\/div>\n\t\t\t\t<div class=\"elementor-element elementor-element-fed9c58 p-1 elementor-widget elementor-widget-text-editor\" data-id=\"fed9c58\" data-element_type=\"widget\" data-e-type=\"widget\" data-widget_type=\"text-editor.default\">\n\t\t\t\t<div class=\"elementor-widget-container\">\n\t\t\t\t\t\t\t\t\t<p><strong>Website-Adresse<\/strong><br>Unsere Website-Adresse lautet: <a href=\"https:\/\/morningoverview.com\/de\/\">https:\/\/morningoverview.com\/<\/a>.<\/p>\t\t\t\t\t\t\t\t<\/div>\n\t\t\t\t<\/div>\n\t\t\t\t<\/div>\n\t\t<div class=\"elementor-element elementor-element-686b91d e-con-full e-flex e-con e-child\" data-id=\"686b91d\" data-element_type=\"container\" data-e-type=\"container\">\n\t\t\t\t<div class=\"elementor-element elementor-element-62e181e elementor-widget elementor-widget-heading\" data-id=\"62e181e\" data-element_type=\"widget\" data-e-type=\"widget\" data-widget_type=\"heading.default\">\n\t\t\t\t<div class=\"elementor-widget-container\">\n\t\t\t\t\t<h2 class=\"elementor-heading-title elementor-size-default\">Kommentare<\/h2>\t\t\t\t<\/div>\n\t\t\t\t<\/div>\n\t\t<div class=\"elementor-element elementor-element-3773d67 e-con-full e-flex e-con e-child\" data-id=\"3773d67\" data-element_type=\"container\" data-e-type=\"container\">\n\t\t\t\t<div class=\"elementor-element elementor-element-db6b341 p-1 elementor-widget elementor-widget-text-editor\" data-id=\"db6b341\" data-element_type=\"widget\" data-e-type=\"widget\" data-widget_type=\"text-editor.default\">\n\t\t\t\t<div class=\"elementor-widget-container\">\n\t\t\t\t\t\t\t\t\t<p>Wenn Besucher Kommentare auf der Website hinterlassen, erfassen wir die im Kommentarformular angegebenen Informationen sowie die IP-Adresse des Besuchers und die Browser-User-Agent-Daten, um die Spamerkennung zu unterst\u00fctzen.<\/p>\t\t\t\t\t\t\t\t<\/div>\n\t\t\t\t<\/div>\n\t\t\t\t<div class=\"elementor-element elementor-element-da88119 p-1 elementor-widget elementor-widget-text-editor\" data-id=\"da88119\" data-element_type=\"widget\" data-e-type=\"widget\" data-widget_type=\"text-editor.default\">\n\t\t\t\t<div class=\"elementor-widget-container\">\n\t\t\t\t\t\t\t\t\t<p>Zus\u00e4tzlich kann ein anonymisierter Hash, der aus Ihrer E-Mail-Adresse generiert wird, an den Gravatar-Dienst weitergegeben werden, um zu \u00fcberpr\u00fcfen, ob Sie diesen verwenden. Die Datenschutzbestimmungen des Gravatar-Dienstes finden Sie hier: <a href=\"https:\/\/automattic.com\/privacy\/\">https:\/\/automattic.com\/privacy\/<\/a>. Sobald Ihr Kommentar freigegeben wurde, wird Ihr Profilbild, falls vorhanden, \u00f6ffentlich zusammen mit Ihrem Kommentar angezeigt.  <\/p>\t\t\t\t\t\t\t\t<\/div>\n\t\t\t\t<\/div>\n\t\t\t\t<\/div>\n\t\t\t\t<\/div>\n\t\t<div class=\"elementor-element elementor-element-4918c4d e-con-full e-flex e-con e-child\" data-id=\"4918c4d\" data-element_type=\"container\" data-e-type=\"container\">\n\t\t\t\t<div class=\"elementor-element elementor-element-d732d0b elementor-widget elementor-widget-heading\" data-id=\"d732d0b\" data-element_type=\"widget\" data-e-type=\"widget\" data-widget_type=\"heading.default\">\n\t\t\t\t<div class=\"elementor-widget-container\">\n\t\t\t\t\t<h2 class=\"elementor-heading-title elementor-size-default\">Medien<\/h2>\t\t\t\t<\/div>\n\t\t\t\t<\/div>\n\t\t<div class=\"elementor-element elementor-element-19f2f82 e-con-full e-flex e-con e-child\" data-id=\"19f2f82\" data-element_type=\"container\" data-e-type=\"container\">\n\t\t\t\t<div class=\"elementor-element elementor-element-f79ff56 p-1 elementor-widget elementor-widget-text-editor\" data-id=\"f79ff56\" data-element_type=\"widget\" data-e-type=\"widget\" data-widget_type=\"text-editor.default\">\n\t\t\t\t<div class=\"elementor-widget-container\">\n\t\t\t\t\t\t\t\t\t<p>Wenn Sie Bilder auf unsere Website hochladen, stellen Sie bitte sicher, dass eingebettete Standortdaten (EXIF GPS) entfernt werden. Besucher der Website k\u00f6nnen m\u00f6glicherweise Standortinformationen von online ver\u00f6ffentlichten Bildern herunterladen und extrahieren. <\/p>\t\t\t\t\t\t\t\t<\/div>\n\t\t\t\t<\/div>\n\t\t\t\t<\/div>\n\t\t\t\t<\/div>\n\t\t<div class=\"elementor-element elementor-element-cfc24dd e-con-full e-flex e-con e-child\" data-id=\"cfc24dd\" data-element_type=\"container\" data-e-type=\"container\">\n\t\t\t\t<div class=\"elementor-element elementor-element-06d2206 elementor-widget elementor-widget-heading\" data-id=\"06d2206\" data-element_type=\"widget\" data-e-type=\"widget\" data-widget_type=\"heading.default\">\n\t\t\t\t<div class=\"elementor-widget-container\">\n\t\t\t\t\t<h2 class=\"elementor-heading-title elementor-size-default\">Cookies<\/h2>\t\t\t\t<\/div>\n\t\t\t\t<\/div>\n\t\t<div class=\"elementor-element elementor-element-8b867fa e-con-full e-flex e-con e-child\" data-id=\"8b867fa\" data-element_type=\"container\" data-e-type=\"container\">\n\t\t\t\t<div class=\"elementor-element elementor-element-7281dbd p-1 elementor-widget elementor-widget-text-editor\" data-id=\"7281dbd\" data-element_type=\"widget\" data-e-type=\"widget\" data-widget_type=\"text-editor.default\">\n\t\t\t\t<div class=\"elementor-widget-container\">\n\t\t\t\t\t\t\t\t\t<ul class=\"wp-block-list\"><li>Wenn Sie einen Kommentar auf der Website hinterlassen, k\u00f6nnen Sie Ihren Namen, Ihre E-Mail-Adresse und Ihre Website zur Vereinfachung in Cookies speichern. Diese Cookies bleiben ein Jahr lang bestehen. <\/li><li>Wenn Sie die Anmeldeseite besuchen, wird ein tempor\u00e4rer Cookie gesetzt, um zu \u00fcberpr\u00fcfen, ob Ihr Browser Cookies akzeptiert. Dieser Cookie enth\u00e4lt keine pers\u00f6nlichen Daten und wird beim Schlie\u00dfen des Browsers gel\u00f6scht. <\/li><li>F\u00fcr angemeldete Benutzer werden mehrere Cookies gesetzt, um Anmeldeinformationen und Bildschirmeinstellungen zu speichern. Login-Cookies sind zwei Tage lang g\u00fcltig, es sei denn, \u201eAngemeldet bleiben\u201c ist ausgew\u00e4hlt; in diesem Fall verl\u00e4ngert sich die Login-Sitzung auf zwei Wochen. Cookies f\u00fcr Bildschirmeinstellungen sind ein Jahr lang g\u00fcltig. Durch das Ausloggen werden diese Cookies entfernt.   <\/li><li>Beim Bearbeiten oder Ver\u00f6ffentlichen eines Artikels wird ein zus\u00e4tzlicher Cookie in Ihrem Browser gespeichert. Dieser Cookie enth\u00e4lt die Beitrags-ID des Artikels und l\u00e4uft nach einem Tag ab. <\/li><\/ul>\t\t\t\t\t\t\t\t<\/div>\n\t\t\t\t<\/div>\n\t\t\t\t<\/div>\n\t\t\t\t<\/div>\n\t\t<div class=\"elementor-element elementor-element-2c6ad10 e-con-full e-flex e-con e-child\" data-id=\"2c6ad10\" data-element_type=\"container\" data-e-type=\"container\">\n\t\t\t\t<div class=\"elementor-element elementor-element-e03515a elementor-widget elementor-widget-heading\" data-id=\"e03515a\" data-element_type=\"widget\" data-e-type=\"widget\" data-widget_type=\"heading.default\">\n\t\t\t\t<div class=\"elementor-widget-container\">\n\t\t\t\t\t<h2 class=\"elementor-heading-title elementor-size-default\">Eingebettete Inhalte von anderen Websites<\/h2>\t\t\t\t<\/div>\n\t\t\t\t<\/div>\n\t\t<div class=\"elementor-element elementor-element-817bc9b e-con-full e-flex e-con e-child\" data-id=\"817bc9b\" data-element_type=\"container\" data-e-type=\"container\">\n\t\t\t\t<div class=\"elementor-element elementor-element-a6a7e20 p-1 elementor-widget elementor-widget-text-editor\" data-id=\"a6a7e20\" data-element_type=\"widget\" data-e-type=\"widget\" data-widget_type=\"text-editor.default\">\n\t\t\t\t<div class=\"elementor-widget-container\">\n\t\t\t\t\t\t\t\t\t<p>Unsere Artikel k\u00f6nnen eingebettete Inhalte (z. B. Videos, Bilder oder Artikel) enthalten. Eingebettete Inhalte von anderen Websites verhalten sich so, als ob Sie diese Websites direkt besuchen. Diese Drittanbieter-Sites k\u00f6nnen Daten \u00fcber Sie sammeln, Cookies verwenden, Ihre Interaktionen verfolgen und Ihre Interaktion mit den eingebetteten Inhalten \u00fcberwachen, insbesondere wenn Sie in einem Konto auf diesen Websites angemeldet sind.  <\/p>\t\t\t\t\t\t\t\t<\/div>\n\t\t\t\t<\/div>\n\t\t\t\t<\/div>\n\t\t\t\t<\/div>\n\t\t<div class=\"elementor-element elementor-element-f8b46e7 e-con-full e-flex e-con e-child\" data-id=\"f8b46e7\" data-element_type=\"container\" data-e-type=\"container\">\n\t\t\t\t<div class=\"elementor-element elementor-element-440b4bf elementor-widget elementor-widget-heading\" data-id=\"440b4bf\" data-element_type=\"widget\" data-e-type=\"widget\" data-widget_type=\"heading.default\">\n\t\t\t\t<div class=\"elementor-widget-container\">\n\t\t\t\t\t<h2 class=\"elementor-heading-title elementor-size-default\">An wen wir Ihre Daten weitergeben<\/h2>\t\t\t\t<\/div>\n\t\t\t\t<\/div>\n\t\t<div class=\"elementor-element elementor-element-2966734 e-con-full e-flex e-con e-child\" data-id=\"2966734\" data-element_type=\"container\" data-e-type=\"container\">\n\t\t\t\t<div class=\"elementor-element elementor-element-dcc34b5 p-1 elementor-widget elementor-widget-text-editor\" data-id=\"dcc34b5\" data-element_type=\"widget\" data-e-type=\"widget\" data-widget_type=\"text-editor.default\">\n\t\t\t\t<div class=\"elementor-widget-container\">\n\t\t\t\t\t\t\t\t\t<p>Wenn Sie ein Passwort-Reset anfordern, wird Ihre IP-Adresse in der Reset-<strong>E-Mail<\/strong> enthalten sein.<\/p>\t\t\t\t\t\t\t\t<\/div>\n\t\t\t\t<\/div>\n\t\t\t\t<\/div>\n\t\t\t\t<\/div>\n\t\t<div class=\"elementor-element elementor-element-65a53d9 e-con-full e-flex e-con e-child\" data-id=\"65a53d9\" data-element_type=\"container\" data-e-type=\"container\">\n\t\t\t\t<div class=\"elementor-element elementor-element-e933ad1 elementor-widget elementor-widget-heading\" data-id=\"e933ad1\" data-element_type=\"widget\" data-e-type=\"widget\" data-widget_type=\"heading.default\">\n\t\t\t\t<div class=\"elementor-widget-container\">\n\t\t\t\t\t<h2 class=\"elementor-heading-title elementor-size-default\">Wie lange wir Ihre Daten aufbewahren<\/h2>\t\t\t\t<\/div>\n\t\t\t\t<\/div>\n\t\t<div class=\"elementor-element elementor-element-48e0a06 e-con-full e-flex e-con e-child\" data-id=\"48e0a06\" data-element_type=\"container\" data-e-type=\"container\">\n\t\t\t\t<div class=\"elementor-element elementor-element-e29d8ce p-1 elementor-widget elementor-widget-text-editor\" data-id=\"e29d8ce\" data-element_type=\"widget\" data-e-type=\"widget\" data-widget_type=\"text-editor.default\">\n\t\t\t\t<div class=\"elementor-widget-container\">\n\t\t\t\t\t\t\t\t\t<ul class=\"wp-block-list\"><li>Kommentare und ihre Metadaten werden auf unbestimmte Zeit gespeichert, um Folgekommentare automatisch zu erkennen und freizugeben.<\/li><li>F\u00fcr Benutzer, die sich auf der Website registrieren, werden die in ihrem Benutzerprofil angegebenen pers\u00f6nlichen Daten gespeichert. Registrierte Benutzer k\u00f6nnen ihre pers\u00f6nlichen Daten jederzeit einsehen, bearbeiten oder l\u00f6schen, mit Ausnahme ihres Benutzernamens. Site-Administratoren k\u00f6nnen ebenfalls auf diese Informationen zugreifen und sie bearbeiten.  <\/li><\/ul>\t\t\t\t\t\t\t\t<\/div>\n\t\t\t\t<\/div>\n\t\t\t\t<\/div>\n\t\t\t\t<\/div>\n\t\t<div class=\"elementor-element elementor-element-d045cf6 e-con-full e-flex e-con e-child\" data-id=\"d045cf6\" data-element_type=\"container\" data-e-type=\"container\">\n\t\t\t\t<div class=\"elementor-element elementor-element-0ec31ab elementor-widget elementor-widget-heading\" data-id=\"0ec31ab\" data-element_type=\"widget\" data-e-type=\"widget\" data-widget_type=\"heading.default\">\n\t\t\t\t<div class=\"elementor-widget-container\">\n\t\t\t\t\t<h2 class=\"elementor-heading-title elementor-size-default\">Ihre Rechte an Ihren Daten<\/h2>\t\t\t\t<\/div>\n\t\t\t\t<\/div>\n\t\t<div class=\"elementor-element elementor-element-dd81f6b e-con-full e-flex e-con e-child\" data-id=\"dd81f6b\" data-element_type=\"container\" data-e-type=\"container\">\n\t\t\t\t<div class=\"elementor-element elementor-element-0977db8 p-1 elementor-widget elementor-widget-text-editor\" data-id=\"0977db8\" data-element_type=\"widget\" data-e-type=\"widget\" data-widget_type=\"text-editor.default\">\n\t\t\t\t<div class=\"elementor-widget-container\">\n\t\t\t\t\t\t\t\t\t<p>Wenn Sie ein Konto haben oder Kommentare auf der Website hinterlassen haben, k\u00f6nnen Sie eine exportierte Kopie der pers\u00f6nlichen Daten anfordern, die wir \u00fcber Sie gespeichert haben. Sie k\u00f6nnen auch verlangen, dass wir alle pers\u00f6nlichen Daten l\u00f6schen, die wir gespeichert haben, mit Ausnahme von Daten, die f\u00fcr administrative, rechtliche oder Sicherheitszwecke ben\u00f6tigt werden. <\/p>\t\t\t\t\t\t\t\t<\/div>\n\t\t\t\t<\/div>\n\t\t\t\t<\/div>\n\t\t\t\t<\/div>\n\t\t<div class=\"elementor-element elementor-element-7923769 e-con-full e-flex e-con e-child\" data-id=\"7923769\" data-element_type=\"container\" data-e-type=\"container\">\n\t\t\t\t<div class=\"elementor-element elementor-element-826449e elementor-widget elementor-widget-heading\" data-id=\"826449e\" data-element_type=\"widget\" data-e-type=\"widget\" data-widget_type=\"heading.default\">\n\t\t\t\t<div class=\"elementor-widget-container\">\n\t\t\t\t\t<h2 class=\"elementor-heading-title elementor-size-default\">Wohin Ihre Daten gesendet werden<\/h2>\t\t\t\t<\/div>\n\t\t\t\t<\/div>\n\t\t<div class=\"elementor-element elementor-element-8185eb1 e-con-full e-flex e-con e-child\" data-id=\"8185eb1\" data-element_type=\"container\" data-e-type=\"container\">\n\t\t\t\t<div class=\"elementor-element elementor-element-cdf44a5 p-1 elementor-widget elementor-widget-text-editor\" data-id=\"cdf44a5\" data-element_type=\"widget\" data-e-type=\"widget\" data-widget_type=\"text-editor.default\">\n\t\t\t\t<div class=\"elementor-widget-container\">\n\t\t\t\t\t\t\t\t\t<p>Besucherkommentare k\u00f6nnen \u00fcber einen automatisierten Spamerkennungsdienst verarbeitet werden, um die Sicherheit und Integrit\u00e4t der Website zu gew\u00e4hrleisten.<\/p>\t\t\t\t\t\t\t\t<\/div>\n\t\t\t\t<\/div>\n\t\t\t\t<\/div>\n\t\t\t\t<\/div>\n\t\t<div class=\"elementor-element elementor-element-3bb1b3d e-con-full e-flex e-con e-child\" data-id=\"3bb1b3d\" data-element_type=\"container\" data-e-type=\"container\">\n\t\t\t\t<div class=\"elementor-element elementor-element-bcc7545 elementor-widget elementor-widget-heading\" data-id=\"bcc7545\" data-element_type=\"widget\" data-e-type=\"widget\" data-widget_type=\"heading.default\">\n\t\t\t\t<div class=\"elementor-widget-container\">\n\t\t\t\t\t<h2 class=\"elementor-heading-title elementor-size-default\">Ezoic-Dienste<\/h2>\t\t\t\t<\/div>\n\t\t\t\t<\/div>\n\t\t<div class=\"elementor-element elementor-element-68d17a3 e-con-full e-flex e-con e-child\" data-id=\"68d17a3\" data-element_type=\"container\" data-e-type=\"container\">\n\t\t\t\t<div class=\"elementor-element elementor-element-c954444 p-1 elementor-widget elementor-widget-text-editor\" data-id=\"c954444\" data-element_type=\"widget\" data-e-type=\"widget\" data-widget_type=\"text-editor.default\">\n\t\t\t\t<div class=\"elementor-widget-container\">\n\t\t\t\t\t\t\t\t\t<p>Diese Website nutzt die Dienste von Ezoic Inc. (\u201eEzoic\u201c), einschlie\u00dflich der Verwaltung von interessenbezogener Werbung durch Dritte. Ezoic kann auf dieser Website eine Vielzahl von Technologien einsetzen, einschlie\u00dflich Tools zur Bereitstellung von Inhalten, zur Anzeige von Werbung und zur Erm\u00f6glichung von Werbung f\u00fcr Besucher dieser Website, die First- und Third-Party-Cookies verwenden k\u00f6nnen. <\/p>\t\t\t\t\t\t\t\t<\/div>\n\t\t\t\t<\/div>\n\t\t\t\t<div class=\"elementor-element elementor-element-02b44db p-1 elementor-widget elementor-widget-text-editor\" data-id=\"02b44db\" data-element_type=\"widget\" data-e-type=\"widget\" data-widget_type=\"text-editor.default\">\n\t\t\t\t<div class=\"elementor-widget-container\">\n\t\t\t\t\t\t\t\t\t<p>Ein Cookie ist eine kleine Textdatei, die von einem Webserver an Ihr Ger\u00e4t gesendet wird und es der Website erm\u00f6glicht, sich Informationen \u00fcber Ihre Browsing-Aktivit\u00e4ten zu merken. First-Party-Cookies werden von der Website erstellt, die Sie besuchen, w\u00e4hrend Third-Party-Cookies von anderen Domains als derjenigen gesetzt werden, die Sie besuchen. Ezoic und unsere Partner k\u00f6nnen Third-Party-Cookies, Tags, Beacons, Pixel und \u00e4hnliche Technologien platzieren, um Interaktionen mit Werbung zu \u00fcberwachen und die Ausrichtung von Werbung zu optimieren. Bitte beachten Sie, dass die Deaktivierung von Cookies den Zugriff auf bestimmte Inhalte und Funktionen der Website einschr\u00e4nken kann und die Ablehnung von Cookies die Werbung nicht beseitigt, sondern zu nicht personalisierter Werbung f\u00fchrt. Weitere Informationen \u00fcber Cookies und deren Verwaltung finden Sie <a href=\"https:\/\/allaboutcookies.org\/\">hier<\/a>.    <\/p>\t\t\t\t\t\t\t\t<\/div>\n\t\t\t\t<\/div>\n\t\t\t\t<div class=\"elementor-element elementor-element-571e73b p-1 elementor-widget elementor-widget-text-editor\" data-id=\"571e73b\" data-element_type=\"widget\" data-e-type=\"widget\" data-widget_type=\"text-editor.default\">\n\t\t\t\t<div class=\"elementor-widget-container\">\n\t\t\t\t\t\t\t\t\t<p>Die folgenden Informationen k\u00f6nnen erfasst, verwendet und in einem Cookie gespeichert werden, wenn personalisierte <strong>Anzeigen<\/strong> geschaltet werden:<\/p>\t\t\t\t\t\t\t\t<\/div>\n\t\t\t\t<\/div>\n\t\t\t\t<div class=\"elementor-element elementor-element-14f5f67 p-1 elementor-widget elementor-widget-text-editor\" data-id=\"14f5f67\" data-element_type=\"widget\" data-e-type=\"widget\" data-widget_type=\"text-editor.default\">\n\t\t\t\t<div class=\"elementor-widget-container\">\n\t\t\t\t\t\t\t\t\t<ul class=\"wp-block-list\"><li>IP-Adresse<\/li><li>Betriebssystemtyp und -version<\/li><li>Ger\u00e4tetyp<\/li><li>Spracheinstellungen<\/li><li>Webbrowser-Typ<\/li><li>E-Mail (in gehashter oder verschl\u00fcsselter Form)<\/li><\/ul>\t\t\t\t\t\t\t\t<\/div>\n\t\t\t\t<\/div>\n\t\t\t\t<div class=\"elementor-element elementor-element-ed212c9 p-1 elementor-widget elementor-widget-text-editor\" data-id=\"ed212c9\" data-element_type=\"widget\" data-e-type=\"widget\" data-widget_type=\"text-editor.default\">\n\t\t\t\t<div class=\"elementor-widget-container\">\n\t\t\t\t\t\t\t\t\t<p>Ezoic und seine Partner k\u00f6nnen diese Daten in Kombination mit Informationen verwenden, die unabh\u00e4ngig voneinander gesammelt wurden, um zielgerichtete Werbung auf verschiedenen Plattformen und Websites bereitzustellen. Die Partner von Ezoic k\u00f6nnen auch zus\u00e4tzliche Daten erfassen, wie z. B. eindeutige IDs, Werbe-IDs, Geolokalisierungsdaten, Nutzungsdaten, Ger\u00e4teinformationen, Verkehrsdaten, Verweisquellen und Interaktionen zwischen Benutzern und Websites oder Werbung, um Zielgruppensegmente f\u00fcr zielgerichtete Werbung \u00fcber verschiedene Ger\u00e4te, Browser und Apps hinweg zu erstellen. Weitere Informationen \u00fcber interessenbezogene Werbung und deren Verwaltung finden Sie <a href=\"https:\/\/youradchoices.com\/\">hier<\/a>.  <\/p>\t\t\t\t\t\t\t\t<\/div>\n\t\t\t\t<\/div>\n\t\t\t\t<div class=\"elementor-element elementor-element-0f16c78 p-1 elementor-widget elementor-widget-text-editor\" data-id=\"0f16c78\" data-element_type=\"widget\" data-e-type=\"widget\" data-widget_type=\"text-editor.default\">\n\t\t\t\t<div class=\"elementor-widget-container\">\n\t\t\t\t\t\t\t\t\t<p>You can view Ezoic\u2019s <strong>privacy policy<\/strong> <a href=\"https:\/\/ezoic.com\/privacy\/\">here<\/a>, or for additional information about Ezoic\u2019s advertising and other partners, you can view Ezoic\u2019s advertising partners <a href=\"https:\/\/www.ezoic.com\/privacy-policy\/advertising-partners\/\">here<\/a>.<\/p>\t\t\t\t\t\t\t\t<\/div>\n\t\t\t\t<\/div>\n\t\t\t\t<\/div>\n\t\t\t\t<\/div>\n\t\t\t\t\t<\/div>\n\t\t\t\t<\/div>\n\t\t\t\t<\/div>\n\t\t","protected":false},"excerpt":{"rendered":"<p>Nutzungsbedingungen Wer wir sind Website-AdresseUnsere Website-Adresse lautet: https:\/\/morningoverview.com\/. Kommentare Wenn Besucher Kommentare auf der Website hinterlassen, erfassen wir die im Kommentarformular angegebenen Informationen sowie die IP-Adresse des Besuchers und die Browser-User-Agent-Daten, um die Spamerkennung zu unterst\u00fctzen. Zus\u00e4tzlich kann ein anonymisierter Hash, der aus Ihrer E-Mail-Adresse generiert wird, an den Gravatar-Dienst weitergegeben werden, um zu \u00fcberpr\u00fcfen, [&hellip;]<\/p>\n","protected":false},"author":24,"featured_media":0,"parent":0,"menu_order":0,"comment_status":"closed","ping_status":"closed","template":"elementor_header_footer","meta":{"om_disable_all_campaigns":false,"footnotes":""},"class_list":["post-1327535","page","type-page","status-publish","hentry"],"_links":{"self":[{"href":"https:\/\/morningoverview.com\/de\/wp-json\/wp\/v2\/pages\/1327535","targetHints":{"allow":["GET"]}}],"collection":[{"href":"https:\/\/morningoverview.com\/de\/wp-json\/wp\/v2\/pages"}],"about":[{"href":"https:\/\/morningoverview.com\/de\/wp-json\/wp\/v2\/types\/page"}],"author":[{"embeddable":true,"href":"https:\/\/morningoverview.com\/de\/wp-json\/wp\/v2\/users\/24"}],"replies":[{"embeddable":true,"href":"https:\/\/morningoverview.com\/de\/wp-json\/wp\/v2\/comments?post=1327535"}],"version-history":[{"count":1,"href":"https:\/\/morningoverview.com\/de\/wp-json\/wp\/v2\/pages\/1327535\/revisions"}],"predecessor-version":[{"id":1327536,"href":"https:\/\/morningoverview.com\/de\/wp-json\/wp\/v2\/pages\/1327535\/revisions\/1327536"}],"wp:attachment":[{"href":"https:\/\/morningoverview.com\/de\/wp-json\/wp\/v2\/media?parent=1327535"}],"curies":[{"name":"wp","href":"https:\/\/api.w.org\/{rel}","templated":true}]}}