{"id":1327531,"date":"2026-02-05T22:34:28","date_gmt":"2026-02-06T03:34:28","guid":{"rendered":"https:\/\/morningoverview.com\/newsletter\/"},"modified":"2026-02-09T15:29:14","modified_gmt":"2026-02-09T20:29:14","slug":"newsletter","status":"publish","type":"page","link":"https:\/\/morningoverview.com\/de\/newsletter\/","title":{"rendered":"Newsletter"},"content":{"rendered":"\t\t<div data-elementor-type=\"wp-page\" data-elementor-id=\"1327531\" class=\"elementor elementor-1327531 elementor-1324773\">\n\t\t\t\t<div class=\"elementor-element elementor-element-652008c e-flex e-con-boxed e-con e-parent\" data-id=\"652008c\" data-element_type=\"container\" data-e-type=\"container\" data-settings=\"{&quot;background_background&quot;:&quot;classic&quot;}\">\n\t\t\t\t\t<div class=\"e-con-inner\">\n\t\t\t\t<div class=\"elementor-element elementor-element-56e099b elementor-widget elementor-widget-heading\" data-id=\"56e099b\" data-element_type=\"widget\" data-e-type=\"widget\" data-widget_type=\"heading.default\">\n\t\t\t\t<div class=\"elementor-widget-container\">\n\t\t\t\t\t<h2 class=\"elementor-heading-title elementor-size-default\">Newsletter<\/h2>\t\t\t\t<\/div>\n\t\t\t\t<\/div>\n\t\t\t\t\t<\/div>\n\t\t\t\t<\/div>\n\t\t<div class=\"elementor-element elementor-element-113f46c e-flex e-con-boxed e-con e-parent\" data-id=\"113f46c\" data-element_type=\"container\" data-e-type=\"container\" data-settings=\"{&quot;background_background&quot;:&quot;classic&quot;}\">\n\t\t\t\t\t<div class=\"e-con-inner\">\n\t\t\t\t<div class=\"elementor-element elementor-element-ec62eed elementor-widget elementor-widget-heading\" data-id=\"ec62eed\" data-element_type=\"widget\" data-e-type=\"widget\" data-widget_type=\"heading.default\">\n\t\t\t\t<div class=\"elementor-widget-container\">\n\t\t\t\t\t<h2 class=\"elementor-heading-title elementor-size-default\">Erfahren Sie vor allen anderen, was sich ge\u00e4ndert hat<\/h2>\t\t\t\t<\/div>\n\t\t\t\t<\/div>\n\t\t\t\t<div class=\"elementor-element elementor-element-89d3fe5 p-1 elementor-widget__width-initial elementor-widget elementor-widget-text-editor\" data-id=\"89d3fe5\" data-element_type=\"widget\" data-e-type=\"widget\" data-widget_type=\"text-editor.default\">\n\t\t\t\t<div class=\"elementor-widget-container\">\n\t\t\t\t\t\t\t\t\t<p>Jeden Morgen beseitigen wir das \u00dcberfl\u00fcssige und senden Ihnen die wenigen Entwicklungen, die wirklich etwas bewirkt haben. Sie erhalten in einem Format, das Sie <strong>schnell<\/strong> \u00fcberfliegen k\u00f6nnen, Informationen dar\u00fcber, was sich <strong>ge\u00e4ndert<\/strong> hat, warum es <strong>wichtig<\/strong> ist und worauf Sie <strong>als N\u00e4chstes achten<\/strong> sollten. Wenn eine Nachricht nichts ver\u00e4ndert, wird sie nicht in der E-Mail enthalten sein. Kostenlose Anmeldung.    <\/p>\t\t\t\t\t\t\t\t<\/div>\n\t\t\t\t<\/div>\n\t\t\t\t<div class=\"elementor-element elementor-element-d188426 elementor-widget elementor-widget-shortcode\" data-id=\"d188426\" data-element_type=\"widget\" data-e-type=\"widget\" data-widget_type=\"shortcode.default\">\n\t\t\t\t<div class=\"elementor-widget-container\">\n\t\t\t\t\t\t\t<div class=\"elementor-shortcode\">\n<div class=\"wpcf7 no-js\" id=\"wpcf7-f1324771-o1\" lang=\"en-US\" dir=\"ltr\" data-wpcf7-id=\"1324771\">\n<div class=\"screen-reader-response\"><p role=\"status\" aria-live=\"polite\" aria-atomic=\"true\"><\/p> <ul><\/ul><\/div>\n<form action=\"\/de\/wp-json\/wp\/v2\/pages\/1327531#wpcf7-f1324771-o1\" method=\"post\" class=\"wpcf7-form init\" aria-label=\"Contact form\" novalidate=\"novalidate\" data-status=\"init\">\n<fieldset class=\"hidden-fields-container\"><input type=\"hidden\" name=\"_wpcf7\" value=\"1324771\" \/><input type=\"hidden\" name=\"_wpcf7_version\" value=\"6.1.5\" \/><input type=\"hidden\" name=\"_wpcf7_locale\" value=\"en_US\" \/><input type=\"hidden\" name=\"_wpcf7_unit_tag\" value=\"wpcf7-f1324771-o1\" \/><input type=\"hidden\" name=\"_wpcf7_container_post\" value=\"0\" \/><input type=\"hidden\" name=\"_wpcf7_posted_data_hash\" value=\"\" \/>\n<\/fieldset>\n<p><span class=\"wpcf7-form-control-wrap\" data-name=\"your-email\"><input size=\"40\" maxlength=\"400\" class=\"wpcf7-form-control wpcf7-email wpcf7-validates-as-required wpcf7-text wpcf7-validates-as-email\" autocomplete=\"email\" aria-required=\"true\" aria-invalid=\"false\" placeholder=\"Your email\" value=\"\" type=\"email\" name=\"your-email\" \/><\/span><br \/>\n<input class=\"wpcf7-form-control wpcf7-submit has-spinner\" type=\"submit\" value=\"SUBSCRIBE\" \/>\n<\/p><p style=\"display: none !important;\" class=\"akismet-fields-container\" data-prefix=\"_wpcf7_ak_\"><label>&#916;<textarea name=\"_wpcf7_ak_hp_textarea\" cols=\"45\" rows=\"8\" maxlength=\"100\"><\/textarea><\/label><input type=\"hidden\" id=\"ak_js_1\" name=\"_wpcf7_ak_js\" value=\"248\"\/><script>document.getElementById( \"ak_js_1\" ).setAttribute( \"value\", ( new Date() ).getTime() );<\/script><\/p><div class=\"wpcf7-response-output\" aria-hidden=\"true\"><\/div>\n<\/form>\n<\/div>\n<\/div>\n\t\t\t\t\t\t<\/div>\n\t\t\t\t<\/div>\n\t\t\t\t<div class=\"elementor-element elementor-element-44a60df elementor-hidden-desktop elementor-hidden-tablet elementor-hidden-mobile elementor-widget elementor-widget-html\" data-id=\"44a60df\" data-element_type=\"widget\" data-e-type=\"widget\" data-widget_type=\"html.default\">\n\t\t\t\t<div class=\"elementor-widget-container\">\n\t\t\t\t\t<style>form.wpcf7-form.init {\n    display: grid;\n    justify-content: center;\n}\n\ninput.wpcf7-form-control.wpcf7-submit.has-spinner {\n    width: 100%;\n    border: 1px solid #00bc87\n;\n    color: #00bc87\n !important;font-family: monospace;\n    font-size: 18px;\n    margin-top: 10px;\n}\n\ninput.wpcf7-form-control.wpcf7-email.wpcf7-validates-as-required.wpcf7-text.wpcf7-validates-as-email {\n    line-height: 37px;\n    background-color: #ffffff85;\n    border: 1px solid #bebebefa;\n}\ninput.wpcf7-form-control.wpcf7-submit.has-spinner:hover {\n    background-color: #00bc87;\n    color: #fff !important;\n}\n\nform.wpcf7-form.init p {\n    margin: 0px !important;\n}\n\nspan.wpcf7-spinner {\n    position: absolute;\n}\n<\/style>\t\t\t\t<\/div>\n\t\t\t\t<\/div>\n\t\t\t\t\t<\/div>\n\t\t\t\t<\/div>\n\t\t\t\t<\/div>\n\t\t","protected":false},"excerpt":{"rendered":"<p>Newsletter Erfahren Sie vor allen anderen, was sich ge\u00e4ndert hat Jeden Morgen beseitigen wir das \u00dcberfl\u00fcssige und senden Ihnen die wenigen Entwicklungen, die wirklich etwas bewirkt haben. Sie erhalten in einem Format, das Sie schnell \u00fcberfliegen k\u00f6nnen, Informationen dar\u00fcber, was sich ge\u00e4ndert hat, warum es wichtig ist und worauf Sie als N\u00e4chstes achten sollten. Wenn [&hellip;]<\/p>\n","protected":false},"author":24,"featured_media":0,"parent":0,"menu_order":0,"comment_status":"closed","ping_status":"closed","template":"elementor_header_footer","meta":{"om_disable_all_campaigns":false,"footnotes":""},"class_list":["post-1327531","page","type-page","status-publish","hentry"],"_links":{"self":[{"href":"https:\/\/morningoverview.com\/de\/wp-json\/wp\/v2\/pages\/1327531","targetHints":{"allow":["GET"]}}],"collection":[{"href":"https:\/\/morningoverview.com\/de\/wp-json\/wp\/v2\/pages"}],"about":[{"href":"https:\/\/morningoverview.com\/de\/wp-json\/wp\/v2\/types\/page"}],"author":[{"embeddable":true,"href":"https:\/\/morningoverview.com\/de\/wp-json\/wp\/v2\/users\/24"}],"replies":[{"embeddable":true,"href":"https:\/\/morningoverview.com\/de\/wp-json\/wp\/v2\/comments?post=1327531"}],"version-history":[{"count":2,"href":"https:\/\/morningoverview.com\/de\/wp-json\/wp\/v2\/pages\/1327531\/revisions"}],"predecessor-version":[{"id":1327533,"href":"https:\/\/morningoverview.com\/de\/wp-json\/wp\/v2\/pages\/1327531\/revisions\/1327533"}],"wp:attachment":[{"href":"https:\/\/morningoverview.com\/de\/wp-json\/wp\/v2\/media?parent=1327531"}],"curies":[{"name":"wp","href":"https:\/\/api.w.org\/{rel}","templated":true}]}}