{"id":1327409,"date":"2026-02-05T22:44:31","date_gmt":"2026-02-06T03:44:31","guid":{"rendered":"https:\/\/morningoverview.com\/korrekturen\/"},"modified":"2026-03-16T15:26:39","modified_gmt":"2026-03-16T20:26:39","slug":"korrekturen","status":"publish","type":"page","link":"https:\/\/morningoverview.com\/de\/korrekturen\/","title":{"rendered":"Korrekturen"},"content":{"rendered":"\t\t<div data-elementor-type=\"wp-page\" data-elementor-id=\"1327409\" class=\"elementor elementor-1327409 elementor-1324818\">\n\t\t\t\t<div class=\"elementor-element elementor-element-d2e3cb3 e-flex e-con-boxed e-con e-parent\" data-id=\"d2e3cb3\" data-element_type=\"container\" data-e-type=\"container\" data-settings=\"{&quot;background_background&quot;:&quot;classic&quot;}\">\n\t\t\t\t\t<div class=\"e-con-inner\">\n\t\t<div class=\"elementor-element elementor-element-9bd0522 e-con-full e-flex e-con e-child\" data-id=\"9bd0522\" data-element_type=\"container\" data-e-type=\"container\">\n\t\t\t\t<div class=\"elementor-element elementor-element-868f0b7 elementor-icon-list--layout-traditional elementor-list-item-link-full_width elementor-widget elementor-widget-icon-list\" data-id=\"868f0b7\" data-element_type=\"widget\" data-e-type=\"widget\" data-widget_type=\"icon-list.default\">\n\t\t\t\t<div class=\"elementor-widget-container\">\n\t\t\t\t\t\t\t<ul class=\"elementor-icon-list-items\">\n\t\t\t\t\t\t\t<li class=\"elementor-icon-list-item\">\n\t\t\t\t\t\t\t\t\t\t\t<span class=\"elementor-icon-list-icon\">\n\t\t\t\t\t\t\t<i aria-hidden=\"true\" class=\"fas fa-square-full\"><\/i>\t\t\t\t\t\t<\/span>\n\t\t\t\t\t\t\t\t\t\t<span class=\"elementor-icon-list-text\">Korrekturen<\/span>\n\t\t\t\t\t\t\t\t\t<\/li>\n\t\t\t\t\t\t<\/ul>\n\t\t\t\t\t\t<\/div>\n\t\t\t\t<\/div>\n\t\t\t\t<\/div>\n\t\t<div class=\"elementor-element elementor-element-fa74fa2 e-con-full e-flex e-con e-child\" data-id=\"fa74fa2\" data-element_type=\"container\" data-e-type=\"container\">\n\t\t<div class=\"elementor-element elementor-element-060944e e-con-full e-flex e-con e-child\" data-id=\"060944e\" data-element_type=\"container\" data-e-type=\"container\">\n\t\t\t\t<div class=\"elementor-element elementor-element-29a1a5b p-1 elementor-widget elementor-widget-text-editor\" data-id=\"29a1a5b\" data-element_type=\"widget\" data-e-type=\"widget\" data-widget_type=\"text-editor.default\">\n\t\t\t\t<div class=\"elementor-widget-container\">\n\t\t\t\t\t\t\t\t\t<p><strong data-start=\"236\" data-end=\"259\">Bei Morning Overview<\/strong> streben wir nach Genauigkeit und Transparenz in allem, was wir ver\u00f6ffentlichen. Wenn Sie der Meinung sind, dass Inhalte auf unserer Website einen Fehler enthalten, der eine Korrektur rechtfertigt, freuen wir uns \u00fcber Ihr Feedback. <\/p>\t\t\t\t\t\t\t\t<\/div>\n\t\t\t\t<\/div>\n\t\t\t\t<div class=\"elementor-element elementor-element-a4c7110 p-1 elementor-widget elementor-widget-text-editor\" data-id=\"a4c7110\" data-element_type=\"widget\" data-e-type=\"widget\" data-widget_type=\"text-editor.default\">\n\t\t\t\t<div class=\"elementor-widget-container\">\n\t\t\t\t\t\t\t\t\t<p>Wir engagieren uns f\u00fcr verantwortungsvollen Journalismus und werden Fehler so schnell und transparent wie m\u00f6glich korrigieren. Korrekturen werden in Absprache mit unserer Redaktion vorgenommen und am Ende des korrigierten Artikels vermerkt, damit die Leser sehen k\u00f6nnen, was aktualisiert wurde. <\/p>\t\t\t\t\t\t\t\t<\/div>\n\t\t\t\t<\/div>\n\t\t\t\t<div class=\"elementor-element elementor-element-4cd7edd p-1 elementor-widget elementor-widget-text-editor\" data-id=\"4cd7edd\" data-element_type=\"widget\" data-e-type=\"widget\" data-widget_type=\"text-editor.default\">\n\t\t\t\t<div class=\"elementor-widget-container\">\n\t\t\t\t\t\t\t\t\t<p><strong data-start=\"747\" data-end=\"773\">So melden Sie einen Fehler<\/strong><br data-start=\"773\" data-end=\"776\">Wenn Sie einen Fehler entdecken \u2013 sei es ein sachlicher, typografischer oder kontextueller Fehler \u2013 senden Sie uns bitte eine E-Mail an <strong data-start=\"867\" data-end=\"898\"><a class=\"decorated-link cursor-pointer\" rel=\"noopener\" data-start=\"869\" data-end=\"896\">contact@morningoverview.com<\/a><\/strong> mit den Details des Problems.<\/p>\t\t\t\t\t\t\t\t<\/div>\n\t\t\t\t<\/div>\n\t\t\t\t<div class=\"elementor-element elementor-element-e0b8f54 p-1 elementor-widget elementor-widget-text-editor\" data-id=\"e0b8f54\" data-element_type=\"widget\" data-e-type=\"widget\" data-widget_type=\"text-editor.default\">\n\t\t\t\t<div class=\"elementor-widget-container\">\n\t\t\t\t\t\t\t\t\t<p data-start=\"965\" data-end=\"1060\">Wir sch\u00e4tzen die Beitr\u00e4ge unserer Leser und danken Ihnen f\u00fcr Ihre Hilfe, unsere Inhalte pr\u00e4zise und vertrauensw\u00fcrdig zu halten.<\/p>\t\t\t\t\t\t\t\t<\/div>\n\t\t\t\t<\/div>\n\t\t\t\t<\/div>\n\t\t<div class=\"elementor-element elementor-element-a792634 e-con-full e-flex e-con e-child\" data-id=\"a792634\" data-element_type=\"container\" data-e-type=\"container\">\n\t\t\t\t<div class=\"elementor-element elementor-element-9d64f3b elementor-widget elementor-widget-heading\" data-id=\"9d64f3b\" data-element_type=\"widget\" data-e-type=\"widget\" data-widget_type=\"heading.default\">\n\t\t\t\t<div class=\"elementor-widget-container\">\n\t\t\t\t\t<h2 class=\"elementor-heading-title elementor-size-default\">Korrigierte Artikel<\/h2>\t\t\t\t<\/div>\n\t\t\t\t<\/div>\n\t\t\t\t<\/div>\n\t\t\t\t<\/div>\n\t\t\t\t\t<\/div>\n\t\t\t\t<\/div>\n\t\t\t\t<\/div>\n\t\t","protected":false},"excerpt":{"rendered":"<p>Korrekturen Bei Morning Overview streben wir nach Genauigkeit und Transparenz in allem, was wir ver\u00f6ffentlichen. Wenn Sie der Meinung sind, dass Inhalte auf unserer Website einen Fehler enthalten, der eine Korrektur rechtfertigt, freuen wir uns \u00fcber Ihr Feedback. Wir engagieren uns f\u00fcr verantwortungsvollen Journalismus und werden Fehler so schnell und transparent wie m\u00f6glich korrigieren. Korrekturen [&hellip;]<\/p>\n","protected":false},"author":24,"featured_media":0,"parent":0,"menu_order":0,"comment_status":"closed","ping_status":"closed","template":"elementor_header_footer","meta":{"om_disable_all_campaigns":false,"footnotes":""},"class_list":["post-1327409","page","type-page","status-publish","hentry"],"_links":{"self":[{"href":"https:\/\/morningoverview.com\/de\/wp-json\/wp\/v2\/pages\/1327409","targetHints":{"allow":["GET"]}}],"collection":[{"href":"https:\/\/morningoverview.com\/de\/wp-json\/wp\/v2\/pages"}],"about":[{"href":"https:\/\/morningoverview.com\/de\/wp-json\/wp\/v2\/types\/page"}],"author":[{"embeddable":true,"href":"https:\/\/morningoverview.com\/de\/wp-json\/wp\/v2\/users\/24"}],"replies":[{"embeddable":true,"href":"https:\/\/morningoverview.com\/de\/wp-json\/wp\/v2\/comments?post=1327409"}],"version-history":[{"count":4,"href":"https:\/\/morningoverview.com\/de\/wp-json\/wp\/v2\/pages\/1327409\/revisions"}],"predecessor-version":[{"id":1350928,"href":"https:\/\/morningoverview.com\/de\/wp-json\/wp\/v2\/pages\/1327409\/revisions\/1350928"}],"wp:attachment":[{"href":"https:\/\/morningoverview.com\/de\/wp-json\/wp\/v2\/media?parent=1327409"}],"curies":[{"name":"wp","href":"https:\/\/api.w.org\/{rel}","templated":true}]}}