{"id":1310408,"date":"2024-12-07T02:36:44","date_gmt":"2024-12-07T07:36:44","guid":{"rendered":"https:\/\/morningoverview.com\/haftungsausschluss\/"},"modified":"2026-03-18T14:56:06","modified_gmt":"2026-03-18T19:56:06","slug":"haftungsausschluss","status":"publish","type":"page","link":"https:\/\/morningoverview.com\/de\/haftungsausschluss\/","title":{"rendered":"Haftungsausschluss"},"content":{"rendered":"\t\t<div data-elementor-type=\"wp-page\" data-elementor-id=\"1310408\" class=\"elementor elementor-1310408 elementor-1182108\">\n\t\t\t\t<div class=\"elementor-element elementor-element-87b0f0f e-flex e-con-boxed e-con e-parent\" data-id=\"87b0f0f\" data-element_type=\"container\" data-e-type=\"container\" data-settings=\"{&quot;background_background&quot;:&quot;classic&quot;}\">\n\t\t\t\t\t<div class=\"e-con-inner\">\n\t\t\t\t<div class=\"elementor-element elementor-element-fe615b0 elementor-widget elementor-widget-heading\" data-id=\"fe615b0\" data-element_type=\"widget\" data-e-type=\"widget\" data-widget_type=\"heading.default\">\n\t\t\t\t<div class=\"elementor-widget-container\">\n\t\t\t\t\t<h2 class=\"elementor-heading-title elementor-size-default\">Haftungsausschluss<\/h2>\t\t\t\t<\/div>\n\t\t\t\t<\/div>\n\t\t\t\t\t<\/div>\n\t\t\t\t<\/div>\n\t\t<div class=\"elementor-element elementor-element-4496221 e-flex e-con-boxed e-con e-parent\" data-id=\"4496221\" data-element_type=\"container\" data-e-type=\"container\" data-settings=\"{&quot;background_background&quot;:&quot;classic&quot;}\">\n\t\t\t\t\t<div class=\"e-con-inner\">\n\t\t<div class=\"elementor-element elementor-element-ec39345 e-con-full e-flex e-con e-child\" data-id=\"ec39345\" data-element_type=\"container\" data-e-type=\"container\">\n\t\t<div class=\"elementor-element elementor-element-636640f e-con-full e-flex e-con e-child\" data-id=\"636640f\" data-element_type=\"container\" data-e-type=\"container\">\n\t\t\t\t<div class=\"elementor-element elementor-element-b2393c8 p-1 elementor-widget elementor-widget-text-editor\" data-id=\"b2393c8\" data-element_type=\"widget\" data-e-type=\"widget\" data-widget_type=\"text-editor.default\">\n\t\t\t\t<div class=\"elementor-widget-container\">\n\t\t\t\t\t\t\t\t\t<p>Wenn Sie Fragen haben oder weitere Erl\u00e4uterungen zum Haftungsausschluss f\u00fcr unsere Website, <strong>Morning Overview<\/strong>, ben\u00f6tigen, k\u00f6nnen Sie uns gerne per E-Mail unter <span class=\"elementor-icon-list-text\"><a href=\"mailto:contact@morningoverview.com\"><strong>contact@morningoverview.com<\/strong><\/a><\/span>\u00a0kontaktieren.<\/p>\t\t\t\t\t\t\t\t<\/div>\n\t\t\t\t<\/div>\n\t\t\t\t<div class=\"elementor-element elementor-element-68d3ce4 p-1 elementor-widget elementor-widget-text-editor\" data-id=\"68d3ce4\" data-element_type=\"widget\" data-e-type=\"widget\" data-widget_type=\"text-editor.default\">\n\t\t\t\t<div class=\"elementor-widget-container\">\n\t\t\t\t\t\t\t\t\t<p>Wir von <strong>Morning Overview<\/strong> (<a href=\"https:\/\/morningoverview.com\/de\/\">https:\/\/morningoverview.com<\/a>) sind leidenschaftlich daran interessiert, Einblicke in Technologie, Innovation und Trends zu geben, die die Zukunft gestalten. Wir bem\u00fchen uns zwar, genaue und zuverl\u00e4ssige Inhalte bereitzustellen, es ist jedoch wichtig zu beachten, dass alle Informationen auf dieser Website nach bestem Wissen und Gewissen und nur zu allgemeinen Informationszwecken ver\u00f6ffentlicht werden.<\/p>\t\t\t\t\t\t\t\t<\/div>\n\t\t\t\t<\/div>\n\t\t\t\t<div class=\"elementor-element elementor-element-fb89827 p-1 elementor-widget elementor-widget-text-editor\" data-id=\"fb89827\" data-element_type=\"widget\" data-e-type=\"widget\" data-widget_type=\"text-editor.default\">\n\t\t\t\t<div class=\"elementor-widget-container\">\n\t\t\t\t\t\t\t\t\t<p>Wir m\u00f6chten Folgendes klarstellen: <strong>Morning Overview<\/strong> \u00fcbernimmt keine Garantie f\u00fcr die Richtigkeit, Vollst\u00e4ndigkeit oder Zuverl\u00e4ssigkeit der bereitgestellten Informationen. Alle Entscheidungen oder Handlungen, die auf der Grundlage des Inhalts unserer Website getroffen werden, erfolgen auf eigenes Risiko. <strong>Morning Overview<\/strong> haftet nicht f\u00fcr Verluste oder Sch\u00e4den, die im Zusammenhang mit der Nutzung unserer Website entstehen. <\/p>\t\t\t\t\t\t\t\t<\/div>\n\t\t\t\t<\/div>\n\t\t\t\t<div class=\"elementor-element elementor-element-ebb6792 p-1 elementor-widget elementor-widget-text-editor\" data-id=\"ebb6792\" data-element_type=\"widget\" data-e-type=\"widget\" data-widget_type=\"text-editor.default\">\n\t\t\t\t<div class=\"elementor-widget-container\">\n\t\t\t\t\t\t\t\t\t<p>Auf unserer gesamten Website finden Sie m\u00f6glicherweise Links zu externen Websites. Diese Links dienen dazu, Sie zu zus\u00e4tzlichen Ressourcen zu leiten, von denen wir glauben, dass sie hilfreich oder relevant sein k\u00f6nnten. Wir haben jedoch keine Kontrolle \u00fcber den Inhalt, die Richtlinien oder die Aktualisierungen dieser externen Websites. Die Aufnahme dieser Links impliziert keine Billigung der Inhalte oder Dienstleistungen, die sie anbieten. Bitte beachten Sie, dass externe Websites ihre Inhalte ohne Vorank\u00fcndigung aktualisieren oder \u00e4ndern k\u00f6nnen, wodurch ein Link veraltet oder weniger relevant werden kann.    <\/p>\t\t\t\t\t\t\t\t<\/div>\n\t\t\t\t<\/div>\n\t\t\t\t<div class=\"elementor-element elementor-element-f56eda1 p-1 elementor-widget elementor-widget-text-editor\" data-id=\"f56eda1\" data-element_type=\"widget\" data-e-type=\"widget\" data-widget_type=\"text-editor.default\">\n\t\t\t\t<div class=\"elementor-widget-container\">\n\t\t\t\t\t\t\t\t\t<p>Sobald Sie <strong>Morning Overview<\/strong> verlassen und eine externe Website besuchen, unterliegen Sie den Datenschutzrichtlinien und Nutzungsbedingungen dieser Website. Wir empfehlen Ihnen, diese Richtlinien sorgf\u00e4ltig zu pr\u00fcfen, bevor Sie Transaktionen durchf\u00fchren oder pers\u00f6nliche Daten weitergeben. <\/p>\t\t\t\t\t\t\t\t<\/div>\n\t\t\t\t<\/div>\n\t\t\t\t<div class=\"elementor-element elementor-element-24d097a p-1 elementor-widget elementor-widget-text-editor\" data-id=\"24d097a\" data-element_type=\"widget\" data-e-type=\"widget\" data-widget_type=\"text-editor.default\">\n\t\t\t\t<div class=\"elementor-widget-container\">\n\t\t\t\t\t\t\t\t\t<p>Wir sind bestrebt, eine zuverl\u00e4ssige Informationsquelle zu sein, empfehlen Ihnen jedoch, alle Inhalte und externen Ressourcen mit Sorgfalt und Achtsamkeit zu betrachten.<\/p>\t\t\t\t\t\t\t\t<\/div>\n\t\t\t\t<\/div>\n\t\t\t\t<div class=\"elementor-element elementor-element-4bdf202 p-1 elementor-widget elementor-widget-text-editor\" data-id=\"4bdf202\" data-element_type=\"widget\" data-e-type=\"widget\" data-widget_type=\"text-editor.default\">\n\t\t\t\t<div class=\"elementor-widget-container\">\n\t\t\t\t\t\t\t\t\t<p>Vielen Dank, dass Sie <strong>Morning Overview<\/strong> als Ihre Quelle f\u00fcr technische Einblicke und Updates vertrauen.<\/p>\t\t\t\t\t\t\t\t<\/div>\n\t\t\t\t<\/div>\n\t\t\t\t<\/div>\n\t\t\t\t<\/div>\n\t\t<div class=\"elementor-element elementor-element-7857df2 e-con-full e-flex e-con e-child\" data-id=\"7857df2\" data-element_type=\"container\" data-e-type=\"container\">\n\t\t\t\t<div class=\"elementor-element elementor-element-27034fe elementor-widget elementor-widget-heading\" data-id=\"27034fe\" data-element_type=\"widget\" data-e-type=\"widget\" data-widget_type=\"heading.default\">\n\t\t\t\t<div class=\"elementor-widget-container\">\n\t\t\t\t\t<h2 class=\"elementor-heading-title elementor-size-default\">Zustimmung<\/h2>\t\t\t\t<\/div>\n\t\t\t\t<\/div>\n\t\t<div class=\"elementor-element elementor-element-e3547fd e-con-full e-flex e-con e-child\" data-id=\"e3547fd\" data-element_type=\"container\" data-e-type=\"container\">\n\t\t\t\t<div class=\"elementor-element elementor-element-31b8d90 p-1 elementor-widget elementor-widget-text-editor\" data-id=\"31b8d90\" data-element_type=\"widget\" data-e-type=\"widget\" data-widget_type=\"text-editor.default\">\n\t\t\t\t<div class=\"elementor-widget-container\">\n\t\t\t\t\t\t\t\t\t<p>Durch die Nutzung unserer Website stimmen Sie diesem Haftungsausschluss zu und erkl\u00e4ren sich mit seinen Bedingungen einverstanden.<\/p>\t\t\t\t\t\t\t\t<\/div>\n\t\t\t\t<\/div>\n\t\t\t\t<\/div>\n\t\t\t\t<\/div>\n\t\t<div class=\"elementor-element elementor-element-6f450c3 e-con-full e-flex e-con e-child\" data-id=\"6f450c3\" data-element_type=\"container\" data-e-type=\"container\">\n\t\t\t\t<div class=\"elementor-element elementor-element-a32816b elementor-widget elementor-widget-heading\" data-id=\"a32816b\" data-element_type=\"widget\" data-e-type=\"widget\" data-widget_type=\"heading.default\">\n\t\t\t\t<div class=\"elementor-widget-container\">\n\t\t\t\t\t<h2 class=\"elementor-heading-title elementor-size-default\">Aktualisierungen<\/h2>\t\t\t\t<\/div>\n\t\t\t\t<\/div>\n\t\t<div class=\"elementor-element elementor-element-3284580 e-con-full e-flex e-con e-child\" data-id=\"3284580\" data-element_type=\"container\" data-e-type=\"container\">\n\t\t\t\t<div class=\"elementor-element elementor-element-35b1d4c p-1 elementor-widget elementor-widget-text-editor\" data-id=\"35b1d4c\" data-element_type=\"widget\" data-e-type=\"widget\" data-widget_type=\"text-editor.default\">\n\t\t\t\t<div class=\"elementor-widget-container\">\n\t\t\t\t\t\t\t\t\t<p>Wenn dieser Haftungsausschluss aktualisiert oder ge\u00e4ndert wird, werden alle \u00c4nderungen gut sichtbar auf dieser Seite ver\u00f6ffentlicht.<\/p>\t\t\t\t\t\t\t\t<\/div>\n\t\t\t\t<\/div>\n\t\t\t\t<\/div>\n\t\t\t\t<\/div>\n\t\t\t\t\t<\/div>\n\t\t\t\t<\/div>\n\t\t\t\t<\/div>\n\t\t","protected":false},"excerpt":{"rendered":"<p>Haftungsausschluss Wenn Sie Fragen haben oder weitere Erl\u00e4uterungen zum Haftungsausschluss f\u00fcr unsere Website, Morning Overview, ben\u00f6tigen, k\u00f6nnen Sie uns gerne per E-Mail unter contact@morningoverview.com\u00a0kontaktieren. Wir von Morning Overview (https:\/\/morningoverview.com) sind leidenschaftlich daran interessiert, Einblicke in Technologie, Innovation und Trends zu geben, die die Zukunft gestalten. Wir bem\u00fchen uns zwar, genaue und zuverl\u00e4ssige Inhalte bereitzustellen, es [&hellip;]<\/p>\n","protected":false},"author":1,"featured_media":0,"parent":0,"menu_order":0,"comment_status":"closed","ping_status":"closed","template":"elementor_header_footer","meta":{"om_disable_all_campaigns":false,"footnotes":""},"class_list":["post-1310408","page","type-page","status-publish","hentry"],"_links":{"self":[{"href":"https:\/\/morningoverview.com\/de\/wp-json\/wp\/v2\/pages\/1310408","targetHints":{"allow":["GET"]}}],"collection":[{"href":"https:\/\/morningoverview.com\/de\/wp-json\/wp\/v2\/pages"}],"about":[{"href":"https:\/\/morningoverview.com\/de\/wp-json\/wp\/v2\/types\/page"}],"author":[{"embeddable":true,"href":"https:\/\/morningoverview.com\/de\/wp-json\/wp\/v2\/users\/1"}],"replies":[{"embeddable":true,"href":"https:\/\/morningoverview.com\/de\/wp-json\/wp\/v2\/comments?post=1310408"}],"version-history":[{"count":5,"href":"https:\/\/morningoverview.com\/de\/wp-json\/wp\/v2\/pages\/1310408\/revisions"}],"predecessor-version":[{"id":1352443,"href":"https:\/\/morningoverview.com\/de\/wp-json\/wp\/v2\/pages\/1310408\/revisions\/1352443"}],"wp:attachment":[{"href":"https:\/\/morningoverview.com\/de\/wp-json\/wp\/v2\/media?parent=1310408"}],"curies":[{"name":"wp","href":"https:\/\/api.w.org\/{rel}","templated":true}]}}